{"id":6402,"date":"2025-08-07T14:05:01","date_gmt":"2025-08-07T12:05:01","guid":{"rendered":"https:\/\/lavande-valensole.com\/?post_type=product&#038;p=6402"},"modified":"2025-08-07T14:22:56","modified_gmt":"2025-08-07T12:22:56","slug":"eventail-provence","status":"publish","type":"product","link":"https:\/\/lavande-valensole.com\/en\/produit\/eventail-provence\/","title":{"rendered":"Eventail Provence"},"content":{"rendered":"","protected":false},"excerpt":{"rendered":"","protected":false},"featured_media":6404,"template":"","meta":{"_et_pb_use_builder":"","_et_pb_old_content":"","_et_gb_content_width":""},"product_brand":[170],"product_cat":[161,167],"product_tag":[],"class_list":{"0":"post-6402","1":"product","2":"type-product","3":"status-publish","4":"has-post-thumbnail","6":"product_brand-mea-provence","7":"product_cat-accessoires","8":"product_cat-souvenirs","10":"first","11":"instock","12":"taxable","13":"shipping-taxable","14":"purchasable","15":"product-type-simple"},"yoast_head":"<!-- This site is optimized with the Yoast SEO plugin v27.4 - https:\/\/yoast.com\/product\/yoast-seo-wordpress\/ -->\n<title>Eventail Provence - MEA Provence Valensole - Expo lavande et son histoire<\/title>\n<meta name=\"description\" content=\"Eventail Proven\u00e7al, MEA Provence Valensole boutique de cosm\u00e9tiques et produits de la r\u00e9gion, miel, cosm\u00e9tiques, huiles essentielle, savons, objets souvenir.\" \/>\n<meta name=\"robots\" content=\"index, follow, max-snippet:-1, max-image-preview:large, max-video-preview:-1\" \/>\n<link rel=\"canonical\" href=\"https:\/\/lavande-valensole.com\/en\/produit\/eventail-provence\/\" \/>\n<meta property=\"og:locale\" content=\"en_US\" \/>\n<meta property=\"og:type\" content=\"article\" \/>\n<meta property=\"og:title\" content=\"Eventail Provence - MEA Provence Valensole - Expo lavande et son histoire\" \/>\n<meta property=\"og:description\" content=\"Eventail Proven\u00e7al, MEA Provence Valensole boutique de cosm\u00e9tiques et produits de la r\u00e9gion, miel, cosm\u00e9tiques, huiles essentielle, savons, objets souvenir.\" \/>\n<meta property=\"og:url\" content=\"https:\/\/lavande-valensole.com\/en\/produit\/eventail-provence\/\" \/>\n<meta property=\"og:site_name\" content=\"MEA Provence Valensole - Expo lavande et son histoire\" \/>\n<meta property=\"article:publisher\" content=\"https:\/\/www.facebook.com\/MeaProvence.valensole\" \/>\n<meta property=\"article:modified_time\" content=\"2025-08-07T12:22:56+00:00\" \/>\n<meta property=\"og:image\" content=\"https:\/\/lavande-valensole.com\/wp-content\/uploads\/2025\/08\/IMG_9876-scaled.jpeg\" \/>\n\t<meta property=\"og:image:width\" content=\"2560\" \/>\n\t<meta property=\"og:image:height\" content=\"1920\" \/>\n\t<meta property=\"og:image:type\" content=\"image\/jpeg\" \/>\n<meta name=\"twitter:card\" content=\"summary_large_image\" \/>\n<meta name=\"twitter:label1\" content=\"Est. reading time\" \/>\n\t<meta name=\"twitter:data1\" content=\"1 minute\" \/>\n<script type=\"application\/ld+json\" class=\"yoast-schema-graph\">{\"@context\":\"https:\\\/\\\/schema.org\",\"@graph\":[{\"@type\":\"WebPage\",\"@id\":\"https:\\\/\\\/lavande-valensole.com\\\/en\\\/produit\\\/eventail-provence\\\/\",\"url\":\"https:\\\/\\\/lavande-valensole.com\\\/en\\\/produit\\\/eventail-provence\\\/\",\"name\":\"Eventail Provence - MEA Provence Valensole - Expo lavande et son histoire\",\"isPartOf\":{\"@id\":\"https:\\\/\\\/lavande-valensole.com\\\/en\\\/#website\"},\"primaryImageOfPage\":{\"@id\":\"https:\\\/\\\/lavande-valensole.com\\\/en\\\/produit\\\/eventail-provence\\\/#primaryimage\"},\"image\":{\"@id\":\"https:\\\/\\\/lavande-valensole.com\\\/en\\\/produit\\\/eventail-provence\\\/#primaryimage\"},\"thumbnailUrl\":\"https:\\\/\\\/lavande-valensole.com\\\/wp-content\\\/uploads\\\/2025\\\/08\\\/IMG_9876-scaled.jpeg\",\"datePublished\":\"2025-08-07T12:05:01+00:00\",\"dateModified\":\"2025-08-07T12:22:56+00:00\",\"description\":\"Eventail Proven\u00e7al, MEA Provence Valensole boutique de cosm\u00e9tiques et produits de la r\u00e9gion, miel, cosm\u00e9tiques, huiles essentielle, savons, objets souvenir.\",\"breadcrumb\":{\"@id\":\"https:\\\/\\\/lavande-valensole.com\\\/en\\\/produit\\\/eventail-provence\\\/#breadcrumb\"},\"inLanguage\":\"en-US\",\"potentialAction\":[{\"@type\":\"ReadAction\",\"target\":[\"https:\\\/\\\/lavande-valensole.com\\\/en\\\/produit\\\/eventail-provence\\\/\"]}]},{\"@type\":\"ImageObject\",\"inLanguage\":\"en-US\",\"@id\":\"https:\\\/\\\/lavande-valensole.com\\\/en\\\/produit\\\/eventail-provence\\\/#primaryimage\",\"url\":\"https:\\\/\\\/lavande-valensole.com\\\/wp-content\\\/uploads\\\/2025\\\/08\\\/IMG_9876-scaled.jpeg\",\"contentUrl\":\"https:\\\/\\\/lavande-valensole.com\\\/wp-content\\\/uploads\\\/2025\\\/08\\\/IMG_9876-scaled.jpeg\",\"width\":2560,\"height\":1920},{\"@type\":\"BreadcrumbList\",\"@id\":\"https:\\\/\\\/lavande-valensole.com\\\/en\\\/produit\\\/eventail-provence\\\/#breadcrumb\",\"itemListElement\":[{\"@type\":\"ListItem\",\"position\":1,\"name\":\"Accueil\",\"item\":\"https:\\\/\\\/lavande-valensole.com\\\/en\\\/\"},{\"@type\":\"ListItem\",\"position\":2,\"name\":\"Boutique\",\"item\":\"https:\\\/\\\/lavande-valensole.com\\\/boutique\\\/\"},{\"@type\":\"ListItem\",\"position\":3,\"name\":\"Eventail Provence\"}]},{\"@type\":\"WebSite\",\"@id\":\"https:\\\/\\\/lavande-valensole.com\\\/en\\\/#website\",\"url\":\"https:\\\/\\\/lavande-valensole.com\\\/en\\\/\",\"name\":\"MEA Provence Valensole - Expo lavande et son histoire\",\"description\":\"Produits cosm\u00e9tiques et lavandes\",\"publisher\":{\"@id\":\"https:\\\/\\\/lavande-valensole.com\\\/en\\\/#organization\"},\"potentialAction\":[{\"@type\":\"SearchAction\",\"target\":{\"@type\":\"EntryPoint\",\"urlTemplate\":\"https:\\\/\\\/lavande-valensole.com\\\/en\\\/?s={search_term_string}\"},\"query-input\":{\"@type\":\"PropertyValueSpecification\",\"valueRequired\":true,\"valueName\":\"search_term_string\"}}],\"inLanguage\":\"en-US\"},{\"@type\":\"Organization\",\"@id\":\"https:\\\/\\\/lavande-valensole.com\\\/en\\\/#organization\",\"name\":\"MEA Provence Valensole\",\"url\":\"https:\\\/\\\/lavande-valensole.com\\\/en\\\/\",\"logo\":{\"@type\":\"ImageObject\",\"inLanguage\":\"en-US\",\"@id\":\"https:\\\/\\\/lavande-valensole.com\\\/en\\\/#\\\/schema\\\/logo\\\/image\\\/\",\"url\":\"https:\\\/\\\/lavande-valensole.com\\\/wp-content\\\/uploads\\\/2025\\\/05\\\/Capture-decran_10-4-2025_133041_.jpeg\",\"contentUrl\":\"https:\\\/\\\/lavande-valensole.com\\\/wp-content\\\/uploads\\\/2025\\\/05\\\/Capture-decran_10-4-2025_133041_.jpeg\",\"width\":423,\"height\":426,\"caption\":\"MEA Provence Valensole\"},\"image\":{\"@id\":\"https:\\\/\\\/lavande-valensole.com\\\/en\\\/#\\\/schema\\\/logo\\\/image\\\/\"},\"sameAs\":[\"https:\\\/\\\/www.facebook.com\\\/MeaProvence.valensole\",\"https:\\\/\\\/www.instagram.com\\\/meaprovence\",\"https:\\\/\\\/www.tiktok.com\\\/@meaprovence\"]}]}<\/script>\n<!-- \/ Yoast SEO plugin. -->","yoast_head_json":{"title":"Eventail Provence - MEA Provence Valensole - Expo lavande et son histoire","description":"Eventail Proven\u00e7al, MEA Provence Valensole boutique de cosm\u00e9tiques et produits de la r\u00e9gion, miel, cosm\u00e9tiques, huiles essentielle, savons, objets souvenir.","robots":{"index":"index","follow":"follow","max-snippet":"max-snippet:-1","max-image-preview":"max-image-preview:large","max-video-preview":"max-video-preview:-1"},"canonical":"https:\/\/lavande-valensole.com\/en\/produit\/eventail-provence\/","og_locale":"en_US","og_type":"article","og_title":"Eventail Provence - MEA Provence Valensole - Expo lavande et son histoire","og_description":"Eventail Proven\u00e7al, MEA Provence Valensole boutique de cosm\u00e9tiques et produits de la r\u00e9gion, miel, cosm\u00e9tiques, huiles essentielle, savons, objets souvenir.","og_url":"https:\/\/lavande-valensole.com\/en\/produit\/eventail-provence\/","og_site_name":"MEA Provence Valensole - Expo lavande et son histoire","article_publisher":"https:\/\/www.facebook.com\/MeaProvence.valensole","article_modified_time":"2025-08-07T12:22:56+00:00","og_image":[{"width":2560,"height":1920,"url":"https:\/\/lavande-valensole.com\/wp-content\/uploads\/2025\/08\/IMG_9876-scaled.jpeg","type":"image\/jpeg"}],"twitter_card":"summary_large_image","twitter_misc":{"Est. reading time":"1 minute"},"schema":{"@context":"https:\/\/schema.org","@graph":[{"@type":"WebPage","@id":"https:\/\/lavande-valensole.com\/en\/produit\/eventail-provence\/","url":"https:\/\/lavande-valensole.com\/en\/produit\/eventail-provence\/","name":"Eventail Provence - MEA Provence Valensole - Expo lavande et son histoire","isPartOf":{"@id":"https:\/\/lavande-valensole.com\/en\/#website"},"primaryImageOfPage":{"@id":"https:\/\/lavande-valensole.com\/en\/produit\/eventail-provence\/#primaryimage"},"image":{"@id":"https:\/\/lavande-valensole.com\/en\/produit\/eventail-provence\/#primaryimage"},"thumbnailUrl":"https:\/\/lavande-valensole.com\/wp-content\/uploads\/2025\/08\/IMG_9876-scaled.jpeg","datePublished":"2025-08-07T12:05:01+00:00","dateModified":"2025-08-07T12:22:56+00:00","description":"Eventail Proven\u00e7al, MEA Provence Valensole boutique de cosm\u00e9tiques et produits de la r\u00e9gion, miel, cosm\u00e9tiques, huiles essentielle, savons, objets souvenir.","breadcrumb":{"@id":"https:\/\/lavande-valensole.com\/en\/produit\/eventail-provence\/#breadcrumb"},"inLanguage":"en-US","potentialAction":[{"@type":"ReadAction","target":["https:\/\/lavande-valensole.com\/en\/produit\/eventail-provence\/"]}]},{"@type":"ImageObject","inLanguage":"en-US","@id":"https:\/\/lavande-valensole.com\/en\/produit\/eventail-provence\/#primaryimage","url":"https:\/\/lavande-valensole.com\/wp-content\/uploads\/2025\/08\/IMG_9876-scaled.jpeg","contentUrl":"https:\/\/lavande-valensole.com\/wp-content\/uploads\/2025\/08\/IMG_9876-scaled.jpeg","width":2560,"height":1920},{"@type":"BreadcrumbList","@id":"https:\/\/lavande-valensole.com\/en\/produit\/eventail-provence\/#breadcrumb","itemListElement":[{"@type":"ListItem","position":1,"name":"Accueil","item":"https:\/\/lavande-valensole.com\/en\/"},{"@type":"ListItem","position":2,"name":"Boutique","item":"https:\/\/lavande-valensole.com\/boutique\/"},{"@type":"ListItem","position":3,"name":"Eventail Provence"}]},{"@type":"WebSite","@id":"https:\/\/lavande-valensole.com\/en\/#website","url":"https:\/\/lavande-valensole.com\/en\/","name":"MEA Provence Valensole - Expo lavande et son histoire","description":"Produits cosm\u00e9tiques et lavandes","publisher":{"@id":"https:\/\/lavande-valensole.com\/en\/#organization"},"potentialAction":[{"@type":"SearchAction","target":{"@type":"EntryPoint","urlTemplate":"https:\/\/lavande-valensole.com\/en\/?s={search_term_string}"},"query-input":{"@type":"PropertyValueSpecification","valueRequired":true,"valueName":"search_term_string"}}],"inLanguage":"en-US"},{"@type":"Organization","@id":"https:\/\/lavande-valensole.com\/en\/#organization","name":"MEA Provence Valensole","url":"https:\/\/lavande-valensole.com\/en\/","logo":{"@type":"ImageObject","inLanguage":"en-US","@id":"https:\/\/lavande-valensole.com\/en\/#\/schema\/logo\/image\/","url":"https:\/\/lavande-valensole.com\/wp-content\/uploads\/2025\/05\/Capture-decran_10-4-2025_133041_.jpeg","contentUrl":"https:\/\/lavande-valensole.com\/wp-content\/uploads\/2025\/05\/Capture-decran_10-4-2025_133041_.jpeg","width":423,"height":426,"caption":"MEA Provence Valensole"},"image":{"@id":"https:\/\/lavande-valensole.com\/en\/#\/schema\/logo\/image\/"},"sameAs":["https:\/\/www.facebook.com\/MeaProvence.valensole","https:\/\/www.instagram.com\/meaprovence","https:\/\/www.tiktok.com\/@meaprovence"]}]}},"_links":{"self":[{"href":"https:\/\/lavande-valensole.com\/en\/wp-json\/wp\/v2\/product\/6402","targetHints":{"allow":["GET"]}}],"collection":[{"href":"https:\/\/lavande-valensole.com\/en\/wp-json\/wp\/v2\/product"}],"about":[{"href":"https:\/\/lavande-valensole.com\/en\/wp-json\/wp\/v2\/types\/product"}],"wp:featuredmedia":[{"embeddable":true,"href":"https:\/\/lavande-valensole.com\/en\/wp-json\/wp\/v2\/media\/6404"}],"wp:attachment":[{"href":"https:\/\/lavande-valensole.com\/en\/wp-json\/wp\/v2\/media?parent=6402"}],"wp:term":[{"taxonomy":"product_brand","embeddable":true,"href":"https:\/\/lavande-valensole.com\/en\/wp-json\/wp\/v2\/product_brand?post=6402"},{"taxonomy":"product_cat","embeddable":true,"href":"https:\/\/lavande-valensole.com\/en\/wp-json\/wp\/v2\/product_cat?post=6402"},{"taxonomy":"product_tag","embeddable":true,"href":"https:\/\/lavande-valensole.com\/en\/wp-json\/wp\/v2\/product_tag?post=6402"}],"curies":[{"name":"wp","href":"https:\/\/api.w.org\/{rel}","templated":true}]}}