{"id":5809,"date":"2024-08-14T10:50:48","date_gmt":"2024-08-14T08:50:48","guid":{"rendered":"https:\/\/lavande-valensole.com\/?post_type=product&#038;p=5809"},"modified":"2025-05-03T15:08:36","modified_gmt":"2025-05-03T13:08:36","slug":"eau-florale-de-rose","status":"publish","type":"product","link":"https:\/\/lavande-valensole.com\/en\/produit\/eau-florale-de-rose\/","title":{"rendered":"Eau florale de rose"},"content":{"rendered":"<p>Eau de rose, fabrication artisanale.<\/p>\n<p>Elle\u00a0<b>vivifie la peau, en affine le grain et renforce m\u00eame ses d\u00e9fenses immunitaires<\/b>. Mais ce que l&#8217;on conna\u00eet peu d&#8217;elle, ce sont ses vertus r\u00e9g\u00e9n\u00e9ratrices ! En effet, elle pr\u00e9vient efficacement l&#8217;apparition des rides, gomme les marques de fatigue et permet de conserver un teint clair !<\/p>\n","protected":false},"excerpt":{"rendered":"<p>Eau de rose, fabrication artisanale. Elle\u00a0vivifie la peau, en affine le grain et renforce m\u00eame ses d\u00e9fenses immunitaires. Mais ce que l&#8217;on conna\u00eet peu d&#8217;elle, ce sont ses vertus r\u00e9g\u00e9n\u00e9ratrices ! En effet, elle pr\u00e9vient efficacement l&#8217;apparition des rides, gomme les marques de fatigue et permet de conserver un teint clair !<\/p>\n","protected":false},"featured_media":6321,"template":"","meta":{"_et_pb_use_builder":"","_et_pb_old_content":"","_et_gb_content_width":""},"product_brand":[],"product_cat":[67,21],"product_tag":[],"class_list":{"0":"post-5809","1":"product","2":"type-product","3":"status-publish","4":"has-post-thumbnail","6":"product_cat-eaux-florales","7":"product_cat-soins-visage","9":"first","10":"instock","11":"taxable","12":"shipping-taxable","13":"purchasable","14":"product-type-simple"},"yoast_head":"<!-- This site is optimized with the Yoast SEO plugin v27.4 - https:\/\/yoast.com\/product\/yoast-seo-wordpress\/ -->\n<title>Eau florale de rose - MEA Provence Valensole - Expo lavande et son histoire<\/title>\n<meta name=\"robots\" content=\"index, follow, max-snippet:-1, max-image-preview:large, max-video-preview:-1\" \/>\n<link rel=\"canonical\" href=\"https:\/\/lavande-valensole.com\/en\/produit\/eau-florale-de-rose\/\" \/>\n<meta property=\"og:locale\" content=\"en_US\" \/>\n<meta property=\"og:type\" content=\"article\" \/>\n<meta property=\"og:title\" content=\"Eau florale de rose - MEA Provence Valensole - Expo lavande et son histoire\" \/>\n<meta property=\"og:description\" content=\"Eau de rose, fabrication artisanale. Elle\u00a0vivifie la peau, en affine le grain et renforce m\u00eame ses d\u00e9fenses immunitaires. Mais ce que l&#8217;on conna\u00eet peu d&#8217;elle, ce sont ses vertus r\u00e9g\u00e9n\u00e9ratrices ! En effet, elle pr\u00e9vient efficacement l&#8217;apparition des rides, gomme les marques de fatigue et permet de conserver un teint clair !\" \/>\n<meta property=\"og:url\" content=\"https:\/\/lavande-valensole.com\/en\/produit\/eau-florale-de-rose\/\" \/>\n<meta property=\"og:site_name\" content=\"MEA Provence Valensole - Expo lavande et son histoire\" \/>\n<meta property=\"article:publisher\" content=\"https:\/\/www.facebook.com\/MeaProvence.valensole\" \/>\n<meta property=\"article:modified_time\" content=\"2025-05-03T13:08:36+00:00\" \/>\n<meta property=\"og:image\" content=\"https:\/\/lavande-valensole.com\/wp-content\/uploads\/2024\/08\/eau-floral-rose-scaled.jpg\" \/>\n\t<meta property=\"og:image:width\" content=\"2560\" \/>\n\t<meta property=\"og:image:height\" content=\"1707\" \/>\n\t<meta property=\"og:image:type\" content=\"image\/jpeg\" \/>\n<meta name=\"twitter:card\" content=\"summary_large_image\" \/>\n<meta name=\"twitter:label1\" content=\"Est. reading time\" \/>\n\t<meta name=\"twitter:data1\" content=\"1 minute\" \/>\n<script type=\"application\/ld+json\" class=\"yoast-schema-graph\">{\"@context\":\"https:\\\/\\\/schema.org\",\"@graph\":[{\"@type\":\"WebPage\",\"@id\":\"https:\\\/\\\/lavande-valensole.com\\\/en\\\/produit\\\/eau-florale-de-rose\\\/\",\"url\":\"https:\\\/\\\/lavande-valensole.com\\\/en\\\/produit\\\/eau-florale-de-rose\\\/\",\"name\":\"Eau florale de rose - MEA Provence Valensole - Expo lavande et son histoire\",\"isPartOf\":{\"@id\":\"https:\\\/\\\/lavande-valensole.com\\\/en\\\/#website\"},\"primaryImageOfPage\":{\"@id\":\"https:\\\/\\\/lavande-valensole.com\\\/en\\\/produit\\\/eau-florale-de-rose\\\/#primaryimage\"},\"image\":{\"@id\":\"https:\\\/\\\/lavande-valensole.com\\\/en\\\/produit\\\/eau-florale-de-rose\\\/#primaryimage\"},\"thumbnailUrl\":\"https:\\\/\\\/lavande-valensole.com\\\/wp-content\\\/uploads\\\/2024\\\/08\\\/eau-floral-rose-scaled.jpg\",\"datePublished\":\"2024-08-14T08:50:48+00:00\",\"dateModified\":\"2025-05-03T13:08:36+00:00\",\"breadcrumb\":{\"@id\":\"https:\\\/\\\/lavande-valensole.com\\\/en\\\/produit\\\/eau-florale-de-rose\\\/#breadcrumb\"},\"inLanguage\":\"en-US\",\"potentialAction\":[{\"@type\":\"ReadAction\",\"target\":[\"https:\\\/\\\/lavande-valensole.com\\\/en\\\/produit\\\/eau-florale-de-rose\\\/\"]}]},{\"@type\":\"ImageObject\",\"inLanguage\":\"en-US\",\"@id\":\"https:\\\/\\\/lavande-valensole.com\\\/en\\\/produit\\\/eau-florale-de-rose\\\/#primaryimage\",\"url\":\"https:\\\/\\\/lavande-valensole.com\\\/wp-content\\\/uploads\\\/2024\\\/08\\\/eau-floral-rose-scaled.jpg\",\"contentUrl\":\"https:\\\/\\\/lavande-valensole.com\\\/wp-content\\\/uploads\\\/2024\\\/08\\\/eau-floral-rose-scaled.jpg\",\"width\":2560,\"height\":1707},{\"@type\":\"BreadcrumbList\",\"@id\":\"https:\\\/\\\/lavande-valensole.com\\\/en\\\/produit\\\/eau-florale-de-rose\\\/#breadcrumb\",\"itemListElement\":[{\"@type\":\"ListItem\",\"position\":1,\"name\":\"Accueil\",\"item\":\"https:\\\/\\\/lavande-valensole.com\\\/en\\\/\"},{\"@type\":\"ListItem\",\"position\":2,\"name\":\"Boutique\",\"item\":\"https:\\\/\\\/lavande-valensole.com\\\/boutique\\\/\"},{\"@type\":\"ListItem\",\"position\":3,\"name\":\"Eau florale de rose\"}]},{\"@type\":\"WebSite\",\"@id\":\"https:\\\/\\\/lavande-valensole.com\\\/en\\\/#website\",\"url\":\"https:\\\/\\\/lavande-valensole.com\\\/en\\\/\",\"name\":\"MEA Provence Valensole - Expo lavande et son histoire\",\"description\":\"Produits cosm\u00e9tiques et lavandes\",\"publisher\":{\"@id\":\"https:\\\/\\\/lavande-valensole.com\\\/en\\\/#organization\"},\"potentialAction\":[{\"@type\":\"SearchAction\",\"target\":{\"@type\":\"EntryPoint\",\"urlTemplate\":\"https:\\\/\\\/lavande-valensole.com\\\/en\\\/?s={search_term_string}\"},\"query-input\":{\"@type\":\"PropertyValueSpecification\",\"valueRequired\":true,\"valueName\":\"search_term_string\"}}],\"inLanguage\":\"en-US\"},{\"@type\":\"Organization\",\"@id\":\"https:\\\/\\\/lavande-valensole.com\\\/en\\\/#organization\",\"name\":\"MEA Provence Valensole\",\"url\":\"https:\\\/\\\/lavande-valensole.com\\\/en\\\/\",\"logo\":{\"@type\":\"ImageObject\",\"inLanguage\":\"en-US\",\"@id\":\"https:\\\/\\\/lavande-valensole.com\\\/en\\\/#\\\/schema\\\/logo\\\/image\\\/\",\"url\":\"https:\\\/\\\/lavande-valensole.com\\\/wp-content\\\/uploads\\\/2025\\\/05\\\/Capture-decran_10-4-2025_133041_.jpeg\",\"contentUrl\":\"https:\\\/\\\/lavande-valensole.com\\\/wp-content\\\/uploads\\\/2025\\\/05\\\/Capture-decran_10-4-2025_133041_.jpeg\",\"width\":423,\"height\":426,\"caption\":\"MEA Provence Valensole\"},\"image\":{\"@id\":\"https:\\\/\\\/lavande-valensole.com\\\/en\\\/#\\\/schema\\\/logo\\\/image\\\/\"},\"sameAs\":[\"https:\\\/\\\/www.facebook.com\\\/MeaProvence.valensole\",\"https:\\\/\\\/www.instagram.com\\\/meaprovence\",\"https:\\\/\\\/www.tiktok.com\\\/@meaprovence\"]}]}<\/script>\n<!-- \/ Yoast SEO plugin. -->","yoast_head_json":{"title":"Eau florale de rose - MEA Provence Valensole - Expo lavande et son histoire","robots":{"index":"index","follow":"follow","max-snippet":"max-snippet:-1","max-image-preview":"max-image-preview:large","max-video-preview":"max-video-preview:-1"},"canonical":"https:\/\/lavande-valensole.com\/en\/produit\/eau-florale-de-rose\/","og_locale":"en_US","og_type":"article","og_title":"Eau florale de rose - MEA Provence Valensole - Expo lavande et son histoire","og_description":"Eau de rose, fabrication artisanale. Elle\u00a0vivifie la peau, en affine le grain et renforce m\u00eame ses d\u00e9fenses immunitaires. Mais ce que l&#8217;on conna\u00eet peu d&#8217;elle, ce sont ses vertus r\u00e9g\u00e9n\u00e9ratrices ! En effet, elle pr\u00e9vient efficacement l&#8217;apparition des rides, gomme les marques de fatigue et permet de conserver un teint clair !","og_url":"https:\/\/lavande-valensole.com\/en\/produit\/eau-florale-de-rose\/","og_site_name":"MEA Provence Valensole - Expo lavande et son histoire","article_publisher":"https:\/\/www.facebook.com\/MeaProvence.valensole","article_modified_time":"2025-05-03T13:08:36+00:00","og_image":[{"width":2560,"height":1707,"url":"https:\/\/lavande-valensole.com\/wp-content\/uploads\/2024\/08\/eau-floral-rose-scaled.jpg","type":"image\/jpeg"}],"twitter_card":"summary_large_image","twitter_misc":{"Est. reading time":"1 minute"},"schema":{"@context":"https:\/\/schema.org","@graph":[{"@type":"WebPage","@id":"https:\/\/lavande-valensole.com\/en\/produit\/eau-florale-de-rose\/","url":"https:\/\/lavande-valensole.com\/en\/produit\/eau-florale-de-rose\/","name":"Eau florale de rose - MEA Provence Valensole - Expo lavande et son histoire","isPartOf":{"@id":"https:\/\/lavande-valensole.com\/en\/#website"},"primaryImageOfPage":{"@id":"https:\/\/lavande-valensole.com\/en\/produit\/eau-florale-de-rose\/#primaryimage"},"image":{"@id":"https:\/\/lavande-valensole.com\/en\/produit\/eau-florale-de-rose\/#primaryimage"},"thumbnailUrl":"https:\/\/lavande-valensole.com\/wp-content\/uploads\/2024\/08\/eau-floral-rose-scaled.jpg","datePublished":"2024-08-14T08:50:48+00:00","dateModified":"2025-05-03T13:08:36+00:00","breadcrumb":{"@id":"https:\/\/lavande-valensole.com\/en\/produit\/eau-florale-de-rose\/#breadcrumb"},"inLanguage":"en-US","potentialAction":[{"@type":"ReadAction","target":["https:\/\/lavande-valensole.com\/en\/produit\/eau-florale-de-rose\/"]}]},{"@type":"ImageObject","inLanguage":"en-US","@id":"https:\/\/lavande-valensole.com\/en\/produit\/eau-florale-de-rose\/#primaryimage","url":"https:\/\/lavande-valensole.com\/wp-content\/uploads\/2024\/08\/eau-floral-rose-scaled.jpg","contentUrl":"https:\/\/lavande-valensole.com\/wp-content\/uploads\/2024\/08\/eau-floral-rose-scaled.jpg","width":2560,"height":1707},{"@type":"BreadcrumbList","@id":"https:\/\/lavande-valensole.com\/en\/produit\/eau-florale-de-rose\/#breadcrumb","itemListElement":[{"@type":"ListItem","position":1,"name":"Accueil","item":"https:\/\/lavande-valensole.com\/en\/"},{"@type":"ListItem","position":2,"name":"Boutique","item":"https:\/\/lavande-valensole.com\/boutique\/"},{"@type":"ListItem","position":3,"name":"Eau florale de rose"}]},{"@type":"WebSite","@id":"https:\/\/lavande-valensole.com\/en\/#website","url":"https:\/\/lavande-valensole.com\/en\/","name":"MEA Provence Valensole - Expo lavande et son histoire","description":"Produits cosm\u00e9tiques et lavandes","publisher":{"@id":"https:\/\/lavande-valensole.com\/en\/#organization"},"potentialAction":[{"@type":"SearchAction","target":{"@type":"EntryPoint","urlTemplate":"https:\/\/lavande-valensole.com\/en\/?s={search_term_string}"},"query-input":{"@type":"PropertyValueSpecification","valueRequired":true,"valueName":"search_term_string"}}],"inLanguage":"en-US"},{"@type":"Organization","@id":"https:\/\/lavande-valensole.com\/en\/#organization","name":"MEA Provence Valensole","url":"https:\/\/lavande-valensole.com\/en\/","logo":{"@type":"ImageObject","inLanguage":"en-US","@id":"https:\/\/lavande-valensole.com\/en\/#\/schema\/logo\/image\/","url":"https:\/\/lavande-valensole.com\/wp-content\/uploads\/2025\/05\/Capture-decran_10-4-2025_133041_.jpeg","contentUrl":"https:\/\/lavande-valensole.com\/wp-content\/uploads\/2025\/05\/Capture-decran_10-4-2025_133041_.jpeg","width":423,"height":426,"caption":"MEA Provence Valensole"},"image":{"@id":"https:\/\/lavande-valensole.com\/en\/#\/schema\/logo\/image\/"},"sameAs":["https:\/\/www.facebook.com\/MeaProvence.valensole","https:\/\/www.instagram.com\/meaprovence","https:\/\/www.tiktok.com\/@meaprovence"]}]}},"_links":{"self":[{"href":"https:\/\/lavande-valensole.com\/en\/wp-json\/wp\/v2\/product\/5809","targetHints":{"allow":["GET"]}}],"collection":[{"href":"https:\/\/lavande-valensole.com\/en\/wp-json\/wp\/v2\/product"}],"about":[{"href":"https:\/\/lavande-valensole.com\/en\/wp-json\/wp\/v2\/types\/product"}],"wp:featuredmedia":[{"embeddable":true,"href":"https:\/\/lavande-valensole.com\/en\/wp-json\/wp\/v2\/media\/6321"}],"wp:attachment":[{"href":"https:\/\/lavande-valensole.com\/en\/wp-json\/wp\/v2\/media?parent=5809"}],"wp:term":[{"taxonomy":"product_brand","embeddable":true,"href":"https:\/\/lavande-valensole.com\/en\/wp-json\/wp\/v2\/product_brand?post=5809"},{"taxonomy":"product_cat","embeddable":true,"href":"https:\/\/lavande-valensole.com\/en\/wp-json\/wp\/v2\/product_cat?post=5809"},{"taxonomy":"product_tag","embeddable":true,"href":"https:\/\/lavande-valensole.com\/en\/wp-json\/wp\/v2\/product_tag?post=5809"}],"curies":[{"name":"wp","href":"https:\/\/api.w.org\/{rel}","templated":true}]}}