{"id":3600,"date":"2021-02-14T17:38:08","date_gmt":"2021-02-14T16:38:08","guid":{"rendered":"https:\/\/lavande-valensole.com\/?post_type=product&#038;p=3600"},"modified":"2025-05-06T14:03:59","modified_gmt":"2025-05-06T12:03:59","slug":"huile-essentielle-lavande-vraie","status":"publish","type":"product","link":"https:\/\/lavande-valensole.com\/en\/produit\/huile-essentielle-lavande-vraie\/","title":{"rendered":"Huile essentielle Lavande vraie"},"content":{"rendered":"<p>L&#8217;huile essentielle de lavande vraie<br \/>\nLa Lavande vraie est la plus utilis\u00e9e et la plus populaire de toutes les huiles essentielles de Lavande. Elle est apaisante, calmante et relaxante.<br \/>\nElle est indispensable pour traiter un grand nombre de petites affections de la peau comme mycoses, d\u00e9mangeaisons, plaies infect\u00e9es, les br\u00fblures l\u00e9g\u00e8res, les coups de soleil\u2026 Avec ou en remplacement de l\u2019huile essentielle d\u2019H\u00e9lichryse plus on\u00e9reuse, elle soulagera coups, contusions, piq\u00fbres d\u2019insectes.<br \/>\n\u00c9galement utilis\u00e9e pour repousser les insectes, elle \u00e9loigne les poux, purifie l\u2019air ambiant.<br \/>\nL&#8217;huile essentielle de lavande vraie est id\u00e9ale pour le soin des peaux grasses, \u00e0 probl\u00e8mes et sensibles.<\/p>\n<p>L\u2019huile essentielle de lavande se r\u00e9v\u00e8le efficace contre l\u2019hypertension art\u00e9rielle. Elle est anticoagulante et cardiotonique.<br \/>\nAutres indications de l\u2019huile essentielle de lavande : les troubles du sommeil et les tensions diverses (anxi\u00e9t\u00e9, stress\u2026). Elle combat l\u2019hyper\u00e9motivit\u00e9 et les sautes d\u2019humeur.<br \/>\nVoici quelques exemples d&#8217;utilisation de l&#8217;huile essentielle de lavande, dans le bain, en massage et en application externe.<br \/>\nUtilisation de l\u2019huile essentielle de lavande dans le bain<br \/>\nPour chasser le stress, pr\u00e9parez un bain d\u2019eau chaude avec 20 \u00e0 30 gouttes d\u2019HE de lavande vraie dans une base neutre (type huile v\u00e9g\u00e9tale d\u2019amande douce).<br \/>\nUtilisation de l\u2019huile essentielle (HE) de lavande en massage<br \/>\nPour calmer la nervosit\u00e9 et l\u2019anxi\u00e9t\u00e9, m\u00e9langez 10 gouttes d\u2019HE de lavande, 3 gouttes de l&#8217;huile essentielle de camomille noble et 1 goutte de l&#8217;huile essentielle de n\u00e9roli dans 10 ml d\u2019huile v\u00e9g\u00e9tale d\u2019amande douce. Massez le plexus solaire \u00e0 l\u2019aide de cette pr\u00e9paration.<br \/>\nUtilisation de l\u2019huile essentielle de lavande en application externe<br \/>\n\u2022 Lors de br\u00fblures, appliquez sur la ou les zone(s) touch\u00e9e(s) 15 gouttes de l&#8217;huile essentielle de lavande vraie associ\u00e9es \u00e0 5 gouttes de l&#8217;huile de carotte dans 15 ml d\u2019huile v\u00e9g\u00e9tale de millepertuis (ou d\u2019amande douce). R\u00e9p\u00e9tez cette op\u00e9ration jusqu\u2019\u00e0 am\u00e9lioration.<\/p>\n<p>\u2022 En cas d\u2019h\u00e9matome, bleu ou contusion, passez doucement sur la partie atteinte le m\u00e9lange de 2 gouttes de l&#8217;huile essentielle de lavande vraie et de 2 gouttes de l&#8217;huile essentielle d\u2019immortelle quatre fois par jour jusqu\u2019\u00e0 am\u00e9lioration.<\/p>\n<p>\u2022 Pour soulager les piq\u00fbres d\u2019insectes, d\u00e9sinfectez avec un m\u00e9lange de 5 ml de l&#8217;huile essentielle de lavande vraie et de 5 ml d\u2019alcool. Frictionnez ensuite la partie atteinte \u00e0 l\u2019aide de cette m\u00eame pr\u00e9paration.<\/p>\n<p>\u2022 En cas d\u2019otite, m\u00e9langez 2 gouttes de l&#8217;huile essentielle de lavande vraie, 2 gouttes de l&#8217;huile essentielle d\u2019eucalyptus radi\u00e9 \u00e0 2 gouttes de l&#8217;huile essentielle de niaouli. Appliquez autour de l\u2019oreille et massez un peu.<\/p>\n<p>\u2022 Sur les plaies, appliquez trois fois par jour le m\u00e9lange d\u2019une goutte de l&#8217;huile essentielle de lavande, une goutte de l&#8217;huile essentielle de laurier et d\u2019une goutte de l&#8217;huile essentielle d\u2019arbre \u00e0 th\u00e9.<\/p>\n<p>Attention : les huiles essentielles ne doivent pas \u00eatre utilis\u00e9es pures, il est indispensable de les diluer \u00e0 une huile v\u00e9g\u00e9tale (amande douce par exemple).<\/p>\n","protected":false},"excerpt":{"rendered":"<p>10 ml<\/p>\n<p>Nom latin : Lavandula angustifolia<br \/>\nOrigine : Drome proven\u00e7ale , France<br \/>\nOrgane : fleurs<br \/>\nCh\u00e9motype : Linalyl acetate, linalol<br \/>\nMode d&#8217;obtention : Distillation \u00e0 la vapeur d&#8217;eau des fleurs<br \/>\nPropri\u00e9t\u00e9s : Apaisante, anti-inflammatoire, anti-bact\u00e9rienne, \u00e9quilibrante, purifiante, r\u00e9g\u00e9n\u00e9rante<\/p>\n","protected":false},"featured_media":4580,"template":"","meta":{"_et_pb_use_builder":"","_et_pb_old_content":"","_et_gb_content_width":""},"product_brand":[],"product_cat":[20,71],"product_tag":[],"class_list":{"0":"post-3600","1":"product","2":"type-product","3":"status-publish","4":"has-post-thumbnail","6":"product_cat-huiles-essentielles","7":"product_cat-soins-corporels","9":"first","10":"instock","11":"taxable","12":"shipping-taxable","13":"purchasable","14":"product-type-simple"},"yoast_head":"<!-- This site is optimized with the Yoast SEO plugin v27.3 - https:\/\/yoast.com\/product\/yoast-seo-wordpress\/ -->\n<title>Huile Essentielle de Lavande Vraie -Mea Provence- Expo Lavande<\/title>\n<meta name=\"description\" content=\"La Lavande vraie est la plus utilis\u00e9e et la plus populaire de toutes les Huiles Essentielles de Lavande. Elle est apaisante, calmante et relaxante...\" \/>\n<meta name=\"robots\" content=\"index, follow, max-snippet:-1, max-image-preview:large, max-video-preview:-1\" \/>\n<link rel=\"canonical\" href=\"https:\/\/lavande-valensole.com\/en\/produit\/huile-essentielle-lavande-vraie\/\" \/>\n<meta property=\"og:locale\" content=\"en_US\" \/>\n<meta property=\"og:type\" content=\"article\" \/>\n<meta property=\"og:title\" content=\"Huile Essentielle de Lavande Vraie -Mea Provence- Expo Lavande\" \/>\n<meta property=\"og:description\" content=\"La Lavande vraie est la plus utilis\u00e9e et la plus populaire de toutes les Huiles Essentielles de Lavande. Elle est apaisante, calmante et relaxante...\" \/>\n<meta property=\"og:url\" content=\"https:\/\/lavande-valensole.com\/en\/produit\/huile-essentielle-lavande-vraie\/\" \/>\n<meta property=\"og:site_name\" content=\"MEA Provence Valensole - Expo lavande et son histoire\" \/>\n<meta property=\"article:publisher\" content=\"https:\/\/www.facebook.com\/MeaProvence.valensole\" \/>\n<meta property=\"article:modified_time\" content=\"2025-05-06T12:03:59+00:00\" \/>\n<meta property=\"og:image\" content=\"https:\/\/lavande-valensole.com\/wp-content\/uploads\/2021\/06\/he-lavande-scaled.jpg\" \/>\n\t<meta property=\"og:image:width\" content=\"1920\" \/>\n\t<meta property=\"og:image:height\" content=\"2560\" \/>\n\t<meta property=\"og:image:type\" content=\"image\/jpeg\" \/>\n<meta name=\"twitter:card\" content=\"summary_large_image\" \/>\n<meta name=\"twitter:label1\" content=\"Est. reading time\" \/>\n\t<meta name=\"twitter:data1\" content=\"3 minutes\" \/>\n<script type=\"application\/ld+json\" class=\"yoast-schema-graph\">{\"@context\":\"https:\\\/\\\/schema.org\",\"@graph\":[{\"@type\":\"WebPage\",\"@id\":\"https:\\\/\\\/lavande-valensole.com\\\/en\\\/produit\\\/huile-essentielle-lavande-vraie\\\/\",\"url\":\"https:\\\/\\\/lavande-valensole.com\\\/en\\\/produit\\\/huile-essentielle-lavande-vraie\\\/\",\"name\":\"Huile Essentielle de Lavande Vraie -Mea Provence- Expo Lavande\",\"isPartOf\":{\"@id\":\"https:\\\/\\\/lavande-valensole.com\\\/en\\\/#website\"},\"primaryImageOfPage\":{\"@id\":\"https:\\\/\\\/lavande-valensole.com\\\/en\\\/produit\\\/huile-essentielle-lavande-vraie\\\/#primaryimage\"},\"image\":{\"@id\":\"https:\\\/\\\/lavande-valensole.com\\\/en\\\/produit\\\/huile-essentielle-lavande-vraie\\\/#primaryimage\"},\"thumbnailUrl\":\"https:\\\/\\\/lavande-valensole.com\\\/wp-content\\\/uploads\\\/2021\\\/06\\\/he-lavande-scaled.jpg\",\"datePublished\":\"2021-02-14T16:38:08+00:00\",\"dateModified\":\"2025-05-06T12:03:59+00:00\",\"description\":\"La Lavande vraie est la plus utilis\u00e9e et la plus populaire de toutes les Huiles Essentielles de Lavande. Elle est apaisante, calmante et relaxante...\",\"breadcrumb\":{\"@id\":\"https:\\\/\\\/lavande-valensole.com\\\/en\\\/produit\\\/huile-essentielle-lavande-vraie\\\/#breadcrumb\"},\"inLanguage\":\"en-US\",\"potentialAction\":[{\"@type\":\"ReadAction\",\"target\":[\"https:\\\/\\\/lavande-valensole.com\\\/en\\\/produit\\\/huile-essentielle-lavande-vraie\\\/\"]}]},{\"@type\":\"ImageObject\",\"inLanguage\":\"en-US\",\"@id\":\"https:\\\/\\\/lavande-valensole.com\\\/en\\\/produit\\\/huile-essentielle-lavande-vraie\\\/#primaryimage\",\"url\":\"https:\\\/\\\/lavande-valensole.com\\\/wp-content\\\/uploads\\\/2021\\\/06\\\/he-lavande-scaled.jpg\",\"contentUrl\":\"https:\\\/\\\/lavande-valensole.com\\\/wp-content\\\/uploads\\\/2021\\\/06\\\/he-lavande-scaled.jpg\",\"width\":1920,\"height\":2560},{\"@type\":\"BreadcrumbList\",\"@id\":\"https:\\\/\\\/lavande-valensole.com\\\/en\\\/produit\\\/huile-essentielle-lavande-vraie\\\/#breadcrumb\",\"itemListElement\":[{\"@type\":\"ListItem\",\"position\":1,\"name\":\"Accueil\",\"item\":\"https:\\\/\\\/lavande-valensole.com\\\/en\\\/\"},{\"@type\":\"ListItem\",\"position\":2,\"name\":\"Boutique\",\"item\":\"https:\\\/\\\/lavande-valensole.com\\\/boutique\\\/\"},{\"@type\":\"ListItem\",\"position\":3,\"name\":\"Huile essentielle Lavande vraie\"}]},{\"@type\":\"WebSite\",\"@id\":\"https:\\\/\\\/lavande-valensole.com\\\/en\\\/#website\",\"url\":\"https:\\\/\\\/lavande-valensole.com\\\/en\\\/\",\"name\":\"MEA Provence Valensole - Expo lavande et son histoire\",\"description\":\"Produits cosm\u00e9tiques et lavandes\",\"publisher\":{\"@id\":\"https:\\\/\\\/lavande-valensole.com\\\/en\\\/#organization\"},\"potentialAction\":[{\"@type\":\"SearchAction\",\"target\":{\"@type\":\"EntryPoint\",\"urlTemplate\":\"https:\\\/\\\/lavande-valensole.com\\\/en\\\/?s={search_term_string}\"},\"query-input\":{\"@type\":\"PropertyValueSpecification\",\"valueRequired\":true,\"valueName\":\"search_term_string\"}}],\"inLanguage\":\"en-US\"},{\"@type\":\"Organization\",\"@id\":\"https:\\\/\\\/lavande-valensole.com\\\/en\\\/#organization\",\"name\":\"MEA Provence Valensole\",\"url\":\"https:\\\/\\\/lavande-valensole.com\\\/en\\\/\",\"logo\":{\"@type\":\"ImageObject\",\"inLanguage\":\"en-US\",\"@id\":\"https:\\\/\\\/lavande-valensole.com\\\/en\\\/#\\\/schema\\\/logo\\\/image\\\/\",\"url\":\"https:\\\/\\\/lavande-valensole.com\\\/wp-content\\\/uploads\\\/2025\\\/05\\\/Capture-decran_10-4-2025_133041_.jpeg\",\"contentUrl\":\"https:\\\/\\\/lavande-valensole.com\\\/wp-content\\\/uploads\\\/2025\\\/05\\\/Capture-decran_10-4-2025_133041_.jpeg\",\"width\":423,\"height\":426,\"caption\":\"MEA Provence Valensole\"},\"image\":{\"@id\":\"https:\\\/\\\/lavande-valensole.com\\\/en\\\/#\\\/schema\\\/logo\\\/image\\\/\"},\"sameAs\":[\"https:\\\/\\\/www.facebook.com\\\/MeaProvence.valensole\",\"https:\\\/\\\/www.instagram.com\\\/meaprovence\",\"https:\\\/\\\/www.tiktok.com\\\/@meaprovence\"]}]}<\/script>\n<!-- \/ Yoast SEO plugin. -->","yoast_head_json":{"title":"Huile Essentielle de Lavande Vraie -Mea Provence- Expo Lavande","description":"La Lavande vraie est la plus utilis\u00e9e et la plus populaire de toutes les Huiles Essentielles de Lavande. Elle est apaisante, calmante et relaxante...","robots":{"index":"index","follow":"follow","max-snippet":"max-snippet:-1","max-image-preview":"max-image-preview:large","max-video-preview":"max-video-preview:-1"},"canonical":"https:\/\/lavande-valensole.com\/en\/produit\/huile-essentielle-lavande-vraie\/","og_locale":"en_US","og_type":"article","og_title":"Huile Essentielle de Lavande Vraie -Mea Provence- Expo Lavande","og_description":"La Lavande vraie est la plus utilis\u00e9e et la plus populaire de toutes les Huiles Essentielles de Lavande. Elle est apaisante, calmante et relaxante...","og_url":"https:\/\/lavande-valensole.com\/en\/produit\/huile-essentielle-lavande-vraie\/","og_site_name":"MEA Provence Valensole - Expo lavande et son histoire","article_publisher":"https:\/\/www.facebook.com\/MeaProvence.valensole","article_modified_time":"2025-05-06T12:03:59+00:00","og_image":[{"width":1920,"height":2560,"url":"https:\/\/lavande-valensole.com\/wp-content\/uploads\/2021\/06\/he-lavande-scaled.jpg","type":"image\/jpeg"}],"twitter_card":"summary_large_image","twitter_misc":{"Est. reading time":"3 minutes"},"schema":{"@context":"https:\/\/schema.org","@graph":[{"@type":"WebPage","@id":"https:\/\/lavande-valensole.com\/en\/produit\/huile-essentielle-lavande-vraie\/","url":"https:\/\/lavande-valensole.com\/en\/produit\/huile-essentielle-lavande-vraie\/","name":"Huile Essentielle de Lavande Vraie -Mea Provence- Expo Lavande","isPartOf":{"@id":"https:\/\/lavande-valensole.com\/en\/#website"},"primaryImageOfPage":{"@id":"https:\/\/lavande-valensole.com\/en\/produit\/huile-essentielle-lavande-vraie\/#primaryimage"},"image":{"@id":"https:\/\/lavande-valensole.com\/en\/produit\/huile-essentielle-lavande-vraie\/#primaryimage"},"thumbnailUrl":"https:\/\/lavande-valensole.com\/wp-content\/uploads\/2021\/06\/he-lavande-scaled.jpg","datePublished":"2021-02-14T16:38:08+00:00","dateModified":"2025-05-06T12:03:59+00:00","description":"La Lavande vraie est la plus utilis\u00e9e et la plus populaire de toutes les Huiles Essentielles de Lavande. Elle est apaisante, calmante et relaxante...","breadcrumb":{"@id":"https:\/\/lavande-valensole.com\/en\/produit\/huile-essentielle-lavande-vraie\/#breadcrumb"},"inLanguage":"en-US","potentialAction":[{"@type":"ReadAction","target":["https:\/\/lavande-valensole.com\/en\/produit\/huile-essentielle-lavande-vraie\/"]}]},{"@type":"ImageObject","inLanguage":"en-US","@id":"https:\/\/lavande-valensole.com\/en\/produit\/huile-essentielle-lavande-vraie\/#primaryimage","url":"https:\/\/lavande-valensole.com\/wp-content\/uploads\/2021\/06\/he-lavande-scaled.jpg","contentUrl":"https:\/\/lavande-valensole.com\/wp-content\/uploads\/2021\/06\/he-lavande-scaled.jpg","width":1920,"height":2560},{"@type":"BreadcrumbList","@id":"https:\/\/lavande-valensole.com\/en\/produit\/huile-essentielle-lavande-vraie\/#breadcrumb","itemListElement":[{"@type":"ListItem","position":1,"name":"Accueil","item":"https:\/\/lavande-valensole.com\/en\/"},{"@type":"ListItem","position":2,"name":"Boutique","item":"https:\/\/lavande-valensole.com\/boutique\/"},{"@type":"ListItem","position":3,"name":"Huile essentielle Lavande vraie"}]},{"@type":"WebSite","@id":"https:\/\/lavande-valensole.com\/en\/#website","url":"https:\/\/lavande-valensole.com\/en\/","name":"MEA Provence Valensole - Expo lavande et son histoire","description":"Produits cosm\u00e9tiques et lavandes","publisher":{"@id":"https:\/\/lavande-valensole.com\/en\/#organization"},"potentialAction":[{"@type":"SearchAction","target":{"@type":"EntryPoint","urlTemplate":"https:\/\/lavande-valensole.com\/en\/?s={search_term_string}"},"query-input":{"@type":"PropertyValueSpecification","valueRequired":true,"valueName":"search_term_string"}}],"inLanguage":"en-US"},{"@type":"Organization","@id":"https:\/\/lavande-valensole.com\/en\/#organization","name":"MEA Provence Valensole","url":"https:\/\/lavande-valensole.com\/en\/","logo":{"@type":"ImageObject","inLanguage":"en-US","@id":"https:\/\/lavande-valensole.com\/en\/#\/schema\/logo\/image\/","url":"https:\/\/lavande-valensole.com\/wp-content\/uploads\/2025\/05\/Capture-decran_10-4-2025_133041_.jpeg","contentUrl":"https:\/\/lavande-valensole.com\/wp-content\/uploads\/2025\/05\/Capture-decran_10-4-2025_133041_.jpeg","width":423,"height":426,"caption":"MEA Provence Valensole"},"image":{"@id":"https:\/\/lavande-valensole.com\/en\/#\/schema\/logo\/image\/"},"sameAs":["https:\/\/www.facebook.com\/MeaProvence.valensole","https:\/\/www.instagram.com\/meaprovence","https:\/\/www.tiktok.com\/@meaprovence"]}]}},"_links":{"self":[{"href":"https:\/\/lavande-valensole.com\/en\/wp-json\/wp\/v2\/product\/3600","targetHints":{"allow":["GET"]}}],"collection":[{"href":"https:\/\/lavande-valensole.com\/en\/wp-json\/wp\/v2\/product"}],"about":[{"href":"https:\/\/lavande-valensole.com\/en\/wp-json\/wp\/v2\/types\/product"}],"wp:featuredmedia":[{"embeddable":true,"href":"https:\/\/lavande-valensole.com\/en\/wp-json\/wp\/v2\/media\/4580"}],"wp:attachment":[{"href":"https:\/\/lavande-valensole.com\/en\/wp-json\/wp\/v2\/media?parent=3600"}],"wp:term":[{"taxonomy":"product_brand","embeddable":true,"href":"https:\/\/lavande-valensole.com\/en\/wp-json\/wp\/v2\/product_brand?post=3600"},{"taxonomy":"product_cat","embeddable":true,"href":"https:\/\/lavande-valensole.com\/en\/wp-json\/wp\/v2\/product_cat?post=3600"},{"taxonomy":"product_tag","embeddable":true,"href":"https:\/\/lavande-valensole.com\/en\/wp-json\/wp\/v2\/product_tag?post=3600"}],"curies":[{"name":"wp","href":"https:\/\/api.w.org\/{rel}","templated":true}]}}