{"id":3587,"date":"2021-02-12T18:35:47","date_gmt":"2021-02-12T17:35:47","guid":{"rendered":"https:\/\/lavande-valensole.com\/?post_type=product&#038;p=3587"},"modified":"2023-11-20T14:55:05","modified_gmt":"2023-11-20T13:55:05","slug":"savon-rectangle-olive","status":"publish","type":"product","link":"https:\/\/lavande-valensole.com\/en\/produit\/savon-rectangle-olive\/","title":{"rendered":"Savon rectangle Olive 200g"},"content":{"rendered":"<p>Savon rectangle Olive.<br \/>\nPour prendre soin de votre peau, nourrit et prot\u00e8ge au quotidien.<\/p>\n<p>Ce savon s&#8217;adapte \u00e0 tous types de peaux.<br \/>\nL&#8217;huile d&#8217;Olive est reconnue pour ses vertus hydratantes et adoucissantes.<br \/>\nElle permet de prot\u00e9ger votre corps des agressions du calcaire, et emp\u00eache notamment votre corps de se dess\u00e9cher.<\/p>\n<p>&nbsp;<\/p>\n<p>&nbsp;<\/p>\n<p>&nbsp;<\/p>\n<p>&nbsp;<\/p>\n","protected":false},"excerpt":{"rendered":"<p>Poids net : 200 g<\/p>\n<p>savon 100% v\u00e9g\u00e9tal qui exalte une senteur douce et naturelle.<br \/>\nCette base lavante vous enveloppe d&#8217;une mousse onctueuse, l\u00e9g\u00e8re et d\u00e9licate en hydratant votre peau.<\/p>\n","protected":false},"featured_media":4644,"template":"","meta":{"_et_pb_use_builder":"","_et_pb_old_content":"","_et_gb_content_width":""},"product_brand":[],"product_cat":[25,166],"product_tag":[],"class_list":{"0":"post-3587","1":"product","2":"type-product","3":"status-publish","4":"has-post-thumbnail","6":"product_cat-savons","7":"product_cat-savons-2","9":"first","10":"instock","11":"taxable","12":"shipping-taxable","13":"purchasable","14":"product-type-simple"},"yoast_head":"<!-- This site is optimized with the Yoast SEO plugin v27.3 - https:\/\/yoast.com\/product\/yoast-seo-wordpress\/ -->\n<title>Savon rectangle Olive 200g Mea Provence<\/title>\n<meta name=\"description\" content=\"savon 100% v\u00e9g\u00e9tal qui exalte une senteur douce et naturelle. L&#039;huile d&#039;Olive est reconnue pour ses vertus hydratantes et adoucissantes.Elle permet de prot\u00e9ger votre corps des agressions du calcaire, et emp\u00eache notamment votre corps de se dess\u00e9cher.\" \/>\n<meta name=\"robots\" content=\"index, follow, max-snippet:-1, max-image-preview:large, max-video-preview:-1\" \/>\n<link rel=\"canonical\" href=\"https:\/\/lavande-valensole.com\/en\/produit\/savon-rectangle-olive\/\" \/>\n<meta property=\"og:locale\" content=\"en_US\" \/>\n<meta property=\"og:type\" content=\"article\" \/>\n<meta property=\"og:title\" content=\"Savon rectangle Olive 200g Mea Provence\" \/>\n<meta property=\"og:description\" content=\"savon 100% v\u00e9g\u00e9tal qui exalte une senteur douce et naturelle. L&#039;huile d&#039;Olive est reconnue pour ses vertus hydratantes et adoucissantes.Elle permet de prot\u00e9ger votre corps des agressions du calcaire, et emp\u00eache notamment votre corps de se dess\u00e9cher.\" \/>\n<meta property=\"og:url\" content=\"https:\/\/lavande-valensole.com\/en\/produit\/savon-rectangle-olive\/\" \/>\n<meta property=\"og:site_name\" content=\"MEA Provence Valensole - Expo lavande et son histoire\" \/>\n<meta property=\"article:publisher\" content=\"https:\/\/www.facebook.com\/MeaProvence.valensole\" \/>\n<meta property=\"article:modified_time\" content=\"2023-11-20T13:55:05+00:00\" \/>\n<meta property=\"og:image\" content=\"https:\/\/lavande-valensole.com\/wp-content\/uploads\/2021\/06\/savon-olive-scaled.jpg\" \/>\n\t<meta property=\"og:image:width\" content=\"1920\" \/>\n\t<meta property=\"og:image:height\" content=\"2560\" \/>\n\t<meta property=\"og:image:type\" content=\"image\/jpeg\" \/>\n<meta name=\"twitter:card\" content=\"summary_large_image\" \/>\n<meta name=\"twitter:label1\" content=\"Est. reading time\" \/>\n\t<meta name=\"twitter:data1\" content=\"1 minute\" \/>\n<script type=\"application\/ld+json\" class=\"yoast-schema-graph\">{\"@context\":\"https:\\\/\\\/schema.org\",\"@graph\":[{\"@type\":\"WebPage\",\"@id\":\"https:\\\/\\\/lavande-valensole.com\\\/en\\\/produit\\\/savon-rectangle-olive\\\/\",\"url\":\"https:\\\/\\\/lavande-valensole.com\\\/en\\\/produit\\\/savon-rectangle-olive\\\/\",\"name\":\"Savon rectangle Olive 200g Mea Provence\",\"isPartOf\":{\"@id\":\"https:\\\/\\\/lavande-valensole.com\\\/en\\\/#website\"},\"primaryImageOfPage\":{\"@id\":\"https:\\\/\\\/lavande-valensole.com\\\/en\\\/produit\\\/savon-rectangle-olive\\\/#primaryimage\"},\"image\":{\"@id\":\"https:\\\/\\\/lavande-valensole.com\\\/en\\\/produit\\\/savon-rectangle-olive\\\/#primaryimage\"},\"thumbnailUrl\":\"https:\\\/\\\/lavande-valensole.com\\\/wp-content\\\/uploads\\\/2021\\\/06\\\/savon-olive-scaled.jpg\",\"datePublished\":\"2021-02-12T17:35:47+00:00\",\"dateModified\":\"2023-11-20T13:55:05+00:00\",\"description\":\"savon 100% v\u00e9g\u00e9tal qui exalte une senteur douce et naturelle. L'huile d'Olive est reconnue pour ses vertus hydratantes et adoucissantes.Elle permet de prot\u00e9ger votre corps des agressions du calcaire, et emp\u00eache notamment votre corps de se dess\u00e9cher.\",\"breadcrumb\":{\"@id\":\"https:\\\/\\\/lavande-valensole.com\\\/en\\\/produit\\\/savon-rectangle-olive\\\/#breadcrumb\"},\"inLanguage\":\"en-US\",\"potentialAction\":[{\"@type\":\"ReadAction\",\"target\":[\"https:\\\/\\\/lavande-valensole.com\\\/en\\\/produit\\\/savon-rectangle-olive\\\/\"]}]},{\"@type\":\"ImageObject\",\"inLanguage\":\"en-US\",\"@id\":\"https:\\\/\\\/lavande-valensole.com\\\/en\\\/produit\\\/savon-rectangle-olive\\\/#primaryimage\",\"url\":\"https:\\\/\\\/lavande-valensole.com\\\/wp-content\\\/uploads\\\/2021\\\/06\\\/savon-olive-scaled.jpg\",\"contentUrl\":\"https:\\\/\\\/lavande-valensole.com\\\/wp-content\\\/uploads\\\/2021\\\/06\\\/savon-olive-scaled.jpg\",\"width\":1920,\"height\":2560},{\"@type\":\"BreadcrumbList\",\"@id\":\"https:\\\/\\\/lavande-valensole.com\\\/en\\\/produit\\\/savon-rectangle-olive\\\/#breadcrumb\",\"itemListElement\":[{\"@type\":\"ListItem\",\"position\":1,\"name\":\"Accueil\",\"item\":\"https:\\\/\\\/lavande-valensole.com\\\/en\\\/\"},{\"@type\":\"ListItem\",\"position\":2,\"name\":\"Boutique\",\"item\":\"https:\\\/\\\/lavande-valensole.com\\\/boutique\\\/\"},{\"@type\":\"ListItem\",\"position\":3,\"name\":\"Savon rectangle Olive 200g\"}]},{\"@type\":\"WebSite\",\"@id\":\"https:\\\/\\\/lavande-valensole.com\\\/en\\\/#website\",\"url\":\"https:\\\/\\\/lavande-valensole.com\\\/en\\\/\",\"name\":\"MEA Provence Valensole - Expo lavande et son histoire\",\"description\":\"Produits cosm\u00e9tiques et lavandes\",\"publisher\":{\"@id\":\"https:\\\/\\\/lavande-valensole.com\\\/en\\\/#organization\"},\"potentialAction\":[{\"@type\":\"SearchAction\",\"target\":{\"@type\":\"EntryPoint\",\"urlTemplate\":\"https:\\\/\\\/lavande-valensole.com\\\/en\\\/?s={search_term_string}\"},\"query-input\":{\"@type\":\"PropertyValueSpecification\",\"valueRequired\":true,\"valueName\":\"search_term_string\"}}],\"inLanguage\":\"en-US\"},{\"@type\":\"Organization\",\"@id\":\"https:\\\/\\\/lavande-valensole.com\\\/en\\\/#organization\",\"name\":\"MEA Provence Valensole\",\"url\":\"https:\\\/\\\/lavande-valensole.com\\\/en\\\/\",\"logo\":{\"@type\":\"ImageObject\",\"inLanguage\":\"en-US\",\"@id\":\"https:\\\/\\\/lavande-valensole.com\\\/en\\\/#\\\/schema\\\/logo\\\/image\\\/\",\"url\":\"https:\\\/\\\/lavande-valensole.com\\\/wp-content\\\/uploads\\\/2025\\\/05\\\/Capture-decran_10-4-2025_133041_.jpeg\",\"contentUrl\":\"https:\\\/\\\/lavande-valensole.com\\\/wp-content\\\/uploads\\\/2025\\\/05\\\/Capture-decran_10-4-2025_133041_.jpeg\",\"width\":423,\"height\":426,\"caption\":\"MEA Provence Valensole\"},\"image\":{\"@id\":\"https:\\\/\\\/lavande-valensole.com\\\/en\\\/#\\\/schema\\\/logo\\\/image\\\/\"},\"sameAs\":[\"https:\\\/\\\/www.facebook.com\\\/MeaProvence.valensole\",\"https:\\\/\\\/www.instagram.com\\\/meaprovence\",\"https:\\\/\\\/www.tiktok.com\\\/@meaprovence\"]}]}<\/script>\n<!-- \/ Yoast SEO plugin. -->","yoast_head_json":{"title":"Savon rectangle Olive 200g Mea Provence","description":"savon 100% v\u00e9g\u00e9tal qui exalte une senteur douce et naturelle. L'huile d'Olive est reconnue pour ses vertus hydratantes et adoucissantes.Elle permet de prot\u00e9ger votre corps des agressions du calcaire, et emp\u00eache notamment votre corps de se dess\u00e9cher.","robots":{"index":"index","follow":"follow","max-snippet":"max-snippet:-1","max-image-preview":"max-image-preview:large","max-video-preview":"max-video-preview:-1"},"canonical":"https:\/\/lavande-valensole.com\/en\/produit\/savon-rectangle-olive\/","og_locale":"en_US","og_type":"article","og_title":"Savon rectangle Olive 200g Mea Provence","og_description":"savon 100% v\u00e9g\u00e9tal qui exalte une senteur douce et naturelle. L'huile d'Olive est reconnue pour ses vertus hydratantes et adoucissantes.Elle permet de prot\u00e9ger votre corps des agressions du calcaire, et emp\u00eache notamment votre corps de se dess\u00e9cher.","og_url":"https:\/\/lavande-valensole.com\/en\/produit\/savon-rectangle-olive\/","og_site_name":"MEA Provence Valensole - Expo lavande et son histoire","article_publisher":"https:\/\/www.facebook.com\/MeaProvence.valensole","article_modified_time":"2023-11-20T13:55:05+00:00","og_image":[{"width":1920,"height":2560,"url":"https:\/\/lavande-valensole.com\/wp-content\/uploads\/2021\/06\/savon-olive-scaled.jpg","type":"image\/jpeg"}],"twitter_card":"summary_large_image","twitter_misc":{"Est. reading time":"1 minute"},"schema":{"@context":"https:\/\/schema.org","@graph":[{"@type":"WebPage","@id":"https:\/\/lavande-valensole.com\/en\/produit\/savon-rectangle-olive\/","url":"https:\/\/lavande-valensole.com\/en\/produit\/savon-rectangle-olive\/","name":"Savon rectangle Olive 200g Mea Provence","isPartOf":{"@id":"https:\/\/lavande-valensole.com\/en\/#website"},"primaryImageOfPage":{"@id":"https:\/\/lavande-valensole.com\/en\/produit\/savon-rectangle-olive\/#primaryimage"},"image":{"@id":"https:\/\/lavande-valensole.com\/en\/produit\/savon-rectangle-olive\/#primaryimage"},"thumbnailUrl":"https:\/\/lavande-valensole.com\/wp-content\/uploads\/2021\/06\/savon-olive-scaled.jpg","datePublished":"2021-02-12T17:35:47+00:00","dateModified":"2023-11-20T13:55:05+00:00","description":"savon 100% v\u00e9g\u00e9tal qui exalte une senteur douce et naturelle. L'huile d'Olive est reconnue pour ses vertus hydratantes et adoucissantes.Elle permet de prot\u00e9ger votre corps des agressions du calcaire, et emp\u00eache notamment votre corps de se dess\u00e9cher.","breadcrumb":{"@id":"https:\/\/lavande-valensole.com\/en\/produit\/savon-rectangle-olive\/#breadcrumb"},"inLanguage":"en-US","potentialAction":[{"@type":"ReadAction","target":["https:\/\/lavande-valensole.com\/en\/produit\/savon-rectangle-olive\/"]}]},{"@type":"ImageObject","inLanguage":"en-US","@id":"https:\/\/lavande-valensole.com\/en\/produit\/savon-rectangle-olive\/#primaryimage","url":"https:\/\/lavande-valensole.com\/wp-content\/uploads\/2021\/06\/savon-olive-scaled.jpg","contentUrl":"https:\/\/lavande-valensole.com\/wp-content\/uploads\/2021\/06\/savon-olive-scaled.jpg","width":1920,"height":2560},{"@type":"BreadcrumbList","@id":"https:\/\/lavande-valensole.com\/en\/produit\/savon-rectangle-olive\/#breadcrumb","itemListElement":[{"@type":"ListItem","position":1,"name":"Accueil","item":"https:\/\/lavande-valensole.com\/en\/"},{"@type":"ListItem","position":2,"name":"Boutique","item":"https:\/\/lavande-valensole.com\/boutique\/"},{"@type":"ListItem","position":3,"name":"Savon rectangle Olive 200g"}]},{"@type":"WebSite","@id":"https:\/\/lavande-valensole.com\/en\/#website","url":"https:\/\/lavande-valensole.com\/en\/","name":"MEA Provence Valensole - Expo lavande et son histoire","description":"Produits cosm\u00e9tiques et lavandes","publisher":{"@id":"https:\/\/lavande-valensole.com\/en\/#organization"},"potentialAction":[{"@type":"SearchAction","target":{"@type":"EntryPoint","urlTemplate":"https:\/\/lavande-valensole.com\/en\/?s={search_term_string}"},"query-input":{"@type":"PropertyValueSpecification","valueRequired":true,"valueName":"search_term_string"}}],"inLanguage":"en-US"},{"@type":"Organization","@id":"https:\/\/lavande-valensole.com\/en\/#organization","name":"MEA Provence Valensole","url":"https:\/\/lavande-valensole.com\/en\/","logo":{"@type":"ImageObject","inLanguage":"en-US","@id":"https:\/\/lavande-valensole.com\/en\/#\/schema\/logo\/image\/","url":"https:\/\/lavande-valensole.com\/wp-content\/uploads\/2025\/05\/Capture-decran_10-4-2025_133041_.jpeg","contentUrl":"https:\/\/lavande-valensole.com\/wp-content\/uploads\/2025\/05\/Capture-decran_10-4-2025_133041_.jpeg","width":423,"height":426,"caption":"MEA Provence Valensole"},"image":{"@id":"https:\/\/lavande-valensole.com\/en\/#\/schema\/logo\/image\/"},"sameAs":["https:\/\/www.facebook.com\/MeaProvence.valensole","https:\/\/www.instagram.com\/meaprovence","https:\/\/www.tiktok.com\/@meaprovence"]}]}},"_links":{"self":[{"href":"https:\/\/lavande-valensole.com\/en\/wp-json\/wp\/v2\/product\/3587","targetHints":{"allow":["GET"]}}],"collection":[{"href":"https:\/\/lavande-valensole.com\/en\/wp-json\/wp\/v2\/product"}],"about":[{"href":"https:\/\/lavande-valensole.com\/en\/wp-json\/wp\/v2\/types\/product"}],"wp:featuredmedia":[{"embeddable":true,"href":"https:\/\/lavande-valensole.com\/en\/wp-json\/wp\/v2\/media\/4644"}],"wp:attachment":[{"href":"https:\/\/lavande-valensole.com\/en\/wp-json\/wp\/v2\/media?parent=3587"}],"wp:term":[{"taxonomy":"product_brand","embeddable":true,"href":"https:\/\/lavande-valensole.com\/en\/wp-json\/wp\/v2\/product_brand?post=3587"},{"taxonomy":"product_cat","embeddable":true,"href":"https:\/\/lavande-valensole.com\/en\/wp-json\/wp\/v2\/product_cat?post=3587"},{"taxonomy":"product_tag","embeddable":true,"href":"https:\/\/lavande-valensole.com\/en\/wp-json\/wp\/v2\/product_tag?post=3587"}],"curies":[{"name":"wp","href":"https:\/\/api.w.org\/{rel}","templated":true}]}}