{"id":3586,"date":"2021-02-12T17:48:57","date_gmt":"2021-02-12T16:48:57","guid":{"rendered":"https:\/\/lavande-valensole.com\/?post_type=product&#038;p=3586"},"modified":"2025-05-04T18:59:34","modified_gmt":"2025-05-04T16:59:34","slug":"savon-rectangle-miel","status":"publish","type":"product","link":"https:\/\/lavande-valensole.com\/en\/produit\/savon-rectangle-miel\/","title":{"rendered":"Savon rectangle Miel 200g"},"content":{"rendered":"<p>Savon au miel.<br \/>\nPour prendre soin de votre peau, nourrit et prot\u00e8ge au quotidien.<\/p>\n<p>Ce savon s&#8217;adapte tr\u00e8s bien aux peaux les plus s\u00e8ches, ab\u00eem\u00e9es, sensibles et r\u00e9actives.<br \/>\nLe miel est parfait pour les peaux \u00e9galement ecz\u00e9mateuses et \u00e0 psoriasis. Il restructure tous les \u00e9pidermes, et aide la peau \u00e0 cicatriser rapidement.<\/p>\n","protected":false},"excerpt":{"rendered":"<p>Poids net : 200 g<\/p>\n<p>savon 100% v\u00e9g\u00e9tal qui exalte une senteur douce et naturelle.<br \/>\nCette base lavante vous enveloppe d&#8217;une mousse onctueuse, l\u00e9g\u00e8re et d\u00e9licate en hydratant votre peau.<\/p>\n","protected":false},"featured_media":4642,"template":"","meta":{"_et_pb_use_builder":"","_et_pb_old_content":"","_et_gb_content_width":""},"product_brand":[],"product_cat":[25,166],"product_tag":[],"class_list":{"0":"post-3586","1":"product","2":"type-product","3":"status-publish","4":"has-post-thumbnail","6":"product_cat-savons","7":"product_cat-savons-2","9":"first","10":"instock","11":"taxable","12":"shipping-taxable","13":"purchasable","14":"product-type-simple"},"yoast_head":"<!-- This site is optimized with the Yoast SEO plugin v27.4 - https:\/\/yoast.com\/product\/yoast-seo-wordpress\/ -->\n<title>Savon rectangle Miel 200g - MEA Provence Valensole - Expo lavande et son histoire<\/title>\n<meta name=\"description\" content=\"Ce savon s&#039;adapte tr\u00e8s bien pour les peaux les plus s\u00e8ches, ab\u00eem\u00e9es, sensibles et r\u00e9actives.Le miel est parfait pour les peaux \u00e9galement ecz\u00e9mateuses et \u00e0 psoriasis. Il restructure tous les \u00e9pidermes, et aide la peau \u00e0 cicatriser rapidement. coffret-beaut\u00e9 Savon rectangle Miel savon solide producteur artisanat miel pollen propolis gel\u00e9e royale huile d&#039;olive lavande lavandin PACA produits de la r\u00e9gion Provence vacances en France mea provence mus\u00e9e de la lavande distillerie champs plateau de valensole beaut\u00e9 04\" \/>\n<meta name=\"robots\" content=\"index, follow, max-snippet:-1, max-image-preview:large, max-video-preview:-1\" \/>\n<link rel=\"canonical\" href=\"https:\/\/lavande-valensole.com\/en\/produit\/savon-rectangle-miel\/\" \/>\n<meta property=\"og:locale\" content=\"en_US\" \/>\n<meta property=\"og:type\" content=\"article\" \/>\n<meta property=\"og:title\" content=\"Savon rectangle Miel 200g - MEA Provence Valensole - Expo lavande et son histoire\" \/>\n<meta property=\"og:description\" content=\"Ce savon s&#039;adapte tr\u00e8s bien pour les peaux les plus s\u00e8ches, ab\u00eem\u00e9es, sensibles et r\u00e9actives.Le miel est parfait pour les peaux \u00e9galement ecz\u00e9mateuses et \u00e0 psoriasis. Il restructure tous les \u00e9pidermes, et aide la peau \u00e0 cicatriser rapidement. coffret-beaut\u00e9 Savon rectangle Miel savon solide producteur artisanat miel pollen propolis gel\u00e9e royale huile d&#039;olive lavande lavandin PACA produits de la r\u00e9gion Provence vacances en France mea provence mus\u00e9e de la lavande distillerie champs plateau de valensole beaut\u00e9 04\" \/>\n<meta property=\"og:url\" content=\"https:\/\/lavande-valensole.com\/en\/produit\/savon-rectangle-miel\/\" \/>\n<meta property=\"og:site_name\" content=\"MEA Provence Valensole - Expo lavande et son histoire\" \/>\n<meta property=\"article:publisher\" content=\"https:\/\/www.facebook.com\/MeaProvence.valensole\" \/>\n<meta property=\"article:modified_time\" content=\"2025-05-04T16:59:34+00:00\" \/>\n<meta property=\"og:image\" content=\"https:\/\/lavande-valensole.com\/wp-content\/uploads\/2021\/06\/savon-miel-scaled.jpg\" \/>\n\t<meta property=\"og:image:width\" content=\"1920\" \/>\n\t<meta property=\"og:image:height\" content=\"2560\" \/>\n\t<meta property=\"og:image:type\" content=\"image\/jpeg\" \/>\n<meta name=\"twitter:card\" content=\"summary_large_image\" \/>\n<meta name=\"twitter:label1\" content=\"Est. reading time\" \/>\n\t<meta name=\"twitter:data1\" content=\"1 minute\" \/>\n<script type=\"application\/ld+json\" class=\"yoast-schema-graph\">{\"@context\":\"https:\\\/\\\/schema.org\",\"@graph\":[{\"@type\":\"WebPage\",\"@id\":\"https:\\\/\\\/lavande-valensole.com\\\/en\\\/produit\\\/savon-rectangle-miel\\\/\",\"url\":\"https:\\\/\\\/lavande-valensole.com\\\/en\\\/produit\\\/savon-rectangle-miel\\\/\",\"name\":\"Savon rectangle Miel 200g - MEA Provence Valensole - Expo lavande et son histoire\",\"isPartOf\":{\"@id\":\"https:\\\/\\\/lavande-valensole.com\\\/en\\\/#website\"},\"primaryImageOfPage\":{\"@id\":\"https:\\\/\\\/lavande-valensole.com\\\/en\\\/produit\\\/savon-rectangle-miel\\\/#primaryimage\"},\"image\":{\"@id\":\"https:\\\/\\\/lavande-valensole.com\\\/en\\\/produit\\\/savon-rectangle-miel\\\/#primaryimage\"},\"thumbnailUrl\":\"https:\\\/\\\/lavande-valensole.com\\\/wp-content\\\/uploads\\\/2021\\\/06\\\/savon-miel-scaled.jpg\",\"datePublished\":\"2021-02-12T16:48:57+00:00\",\"dateModified\":\"2025-05-04T16:59:34+00:00\",\"description\":\"Ce savon s'adapte tr\u00e8s bien pour les peaux les plus s\u00e8ches, ab\u00eem\u00e9es, sensibles et r\u00e9actives.Le miel est parfait pour les peaux \u00e9galement ecz\u00e9mateuses et \u00e0 psoriasis. Il restructure tous les \u00e9pidermes, et aide la peau \u00e0 cicatriser rapidement. coffret-beaut\u00e9 Savon rectangle Miel savon solide producteur artisanat miel pollen propolis gel\u00e9e royale huile d'olive lavande lavandin PACA produits de la r\u00e9gion Provence vacances en France mea provence mus\u00e9e de la lavande distillerie champs plateau de valensole beaut\u00e9 04\",\"breadcrumb\":{\"@id\":\"https:\\\/\\\/lavande-valensole.com\\\/en\\\/produit\\\/savon-rectangle-miel\\\/#breadcrumb\"},\"inLanguage\":\"en-US\",\"potentialAction\":[{\"@type\":\"ReadAction\",\"target\":[\"https:\\\/\\\/lavande-valensole.com\\\/en\\\/produit\\\/savon-rectangle-miel\\\/\"]}]},{\"@type\":\"ImageObject\",\"inLanguage\":\"en-US\",\"@id\":\"https:\\\/\\\/lavande-valensole.com\\\/en\\\/produit\\\/savon-rectangle-miel\\\/#primaryimage\",\"url\":\"https:\\\/\\\/lavande-valensole.com\\\/wp-content\\\/uploads\\\/2021\\\/06\\\/savon-miel-scaled.jpg\",\"contentUrl\":\"https:\\\/\\\/lavande-valensole.com\\\/wp-content\\\/uploads\\\/2021\\\/06\\\/savon-miel-scaled.jpg\",\"width\":1920,\"height\":2560},{\"@type\":\"BreadcrumbList\",\"@id\":\"https:\\\/\\\/lavande-valensole.com\\\/en\\\/produit\\\/savon-rectangle-miel\\\/#breadcrumb\",\"itemListElement\":[{\"@type\":\"ListItem\",\"position\":1,\"name\":\"Accueil\",\"item\":\"https:\\\/\\\/lavande-valensole.com\\\/en\\\/\"},{\"@type\":\"ListItem\",\"position\":2,\"name\":\"Boutique\",\"item\":\"https:\\\/\\\/lavande-valensole.com\\\/boutique\\\/\"},{\"@type\":\"ListItem\",\"position\":3,\"name\":\"Savon rectangle Miel 200g\"}]},{\"@type\":\"WebSite\",\"@id\":\"https:\\\/\\\/lavande-valensole.com\\\/en\\\/#website\",\"url\":\"https:\\\/\\\/lavande-valensole.com\\\/en\\\/\",\"name\":\"MEA Provence Valensole - Expo lavande et son histoire\",\"description\":\"Produits cosm\u00e9tiques et lavandes\",\"publisher\":{\"@id\":\"https:\\\/\\\/lavande-valensole.com\\\/en\\\/#organization\"},\"potentialAction\":[{\"@type\":\"SearchAction\",\"target\":{\"@type\":\"EntryPoint\",\"urlTemplate\":\"https:\\\/\\\/lavande-valensole.com\\\/en\\\/?s={search_term_string}\"},\"query-input\":{\"@type\":\"PropertyValueSpecification\",\"valueRequired\":true,\"valueName\":\"search_term_string\"}}],\"inLanguage\":\"en-US\"},{\"@type\":\"Organization\",\"@id\":\"https:\\\/\\\/lavande-valensole.com\\\/en\\\/#organization\",\"name\":\"MEA Provence Valensole\",\"url\":\"https:\\\/\\\/lavande-valensole.com\\\/en\\\/\",\"logo\":{\"@type\":\"ImageObject\",\"inLanguage\":\"en-US\",\"@id\":\"https:\\\/\\\/lavande-valensole.com\\\/en\\\/#\\\/schema\\\/logo\\\/image\\\/\",\"url\":\"https:\\\/\\\/lavande-valensole.com\\\/wp-content\\\/uploads\\\/2025\\\/05\\\/Capture-decran_10-4-2025_133041_.jpeg\",\"contentUrl\":\"https:\\\/\\\/lavande-valensole.com\\\/wp-content\\\/uploads\\\/2025\\\/05\\\/Capture-decran_10-4-2025_133041_.jpeg\",\"width\":423,\"height\":426,\"caption\":\"MEA Provence Valensole\"},\"image\":{\"@id\":\"https:\\\/\\\/lavande-valensole.com\\\/en\\\/#\\\/schema\\\/logo\\\/image\\\/\"},\"sameAs\":[\"https:\\\/\\\/www.facebook.com\\\/MeaProvence.valensole\",\"https:\\\/\\\/www.instagram.com\\\/meaprovence\",\"https:\\\/\\\/www.tiktok.com\\\/@meaprovence\"]}]}<\/script>\n<!-- \/ Yoast SEO plugin. -->","yoast_head_json":{"title":"Savon rectangle Miel 200g - MEA Provence Valensole - Expo lavande et son histoire","description":"Ce savon s'adapte tr\u00e8s bien pour les peaux les plus s\u00e8ches, ab\u00eem\u00e9es, sensibles et r\u00e9actives.Le miel est parfait pour les peaux \u00e9galement ecz\u00e9mateuses et \u00e0 psoriasis. Il restructure tous les \u00e9pidermes, et aide la peau \u00e0 cicatriser rapidement. coffret-beaut\u00e9 Savon rectangle Miel savon solide producteur artisanat miel pollen propolis gel\u00e9e royale huile d'olive lavande lavandin PACA produits de la r\u00e9gion Provence vacances en France mea provence mus\u00e9e de la lavande distillerie champs plateau de valensole beaut\u00e9 04","robots":{"index":"index","follow":"follow","max-snippet":"max-snippet:-1","max-image-preview":"max-image-preview:large","max-video-preview":"max-video-preview:-1"},"canonical":"https:\/\/lavande-valensole.com\/en\/produit\/savon-rectangle-miel\/","og_locale":"en_US","og_type":"article","og_title":"Savon rectangle Miel 200g - MEA Provence Valensole - Expo lavande et son histoire","og_description":"Ce savon s'adapte tr\u00e8s bien pour les peaux les plus s\u00e8ches, ab\u00eem\u00e9es, sensibles et r\u00e9actives.Le miel est parfait pour les peaux \u00e9galement ecz\u00e9mateuses et \u00e0 psoriasis. Il restructure tous les \u00e9pidermes, et aide la peau \u00e0 cicatriser rapidement. coffret-beaut\u00e9 Savon rectangle Miel savon solide producteur artisanat miel pollen propolis gel\u00e9e royale huile d'olive lavande lavandin PACA produits de la r\u00e9gion Provence vacances en France mea provence mus\u00e9e de la lavande distillerie champs plateau de valensole beaut\u00e9 04","og_url":"https:\/\/lavande-valensole.com\/en\/produit\/savon-rectangle-miel\/","og_site_name":"MEA Provence Valensole - Expo lavande et son histoire","article_publisher":"https:\/\/www.facebook.com\/MeaProvence.valensole","article_modified_time":"2025-05-04T16:59:34+00:00","og_image":[{"width":1920,"height":2560,"url":"https:\/\/lavande-valensole.com\/wp-content\/uploads\/2021\/06\/savon-miel-scaled.jpg","type":"image\/jpeg"}],"twitter_card":"summary_large_image","twitter_misc":{"Est. reading time":"1 minute"},"schema":{"@context":"https:\/\/schema.org","@graph":[{"@type":"WebPage","@id":"https:\/\/lavande-valensole.com\/en\/produit\/savon-rectangle-miel\/","url":"https:\/\/lavande-valensole.com\/en\/produit\/savon-rectangle-miel\/","name":"Savon rectangle Miel 200g - MEA Provence Valensole - Expo lavande et son histoire","isPartOf":{"@id":"https:\/\/lavande-valensole.com\/en\/#website"},"primaryImageOfPage":{"@id":"https:\/\/lavande-valensole.com\/en\/produit\/savon-rectangle-miel\/#primaryimage"},"image":{"@id":"https:\/\/lavande-valensole.com\/en\/produit\/savon-rectangle-miel\/#primaryimage"},"thumbnailUrl":"https:\/\/lavande-valensole.com\/wp-content\/uploads\/2021\/06\/savon-miel-scaled.jpg","datePublished":"2021-02-12T16:48:57+00:00","dateModified":"2025-05-04T16:59:34+00:00","description":"Ce savon s'adapte tr\u00e8s bien pour les peaux les plus s\u00e8ches, ab\u00eem\u00e9es, sensibles et r\u00e9actives.Le miel est parfait pour les peaux \u00e9galement ecz\u00e9mateuses et \u00e0 psoriasis. Il restructure tous les \u00e9pidermes, et aide la peau \u00e0 cicatriser rapidement. coffret-beaut\u00e9 Savon rectangle Miel savon solide producteur artisanat miel pollen propolis gel\u00e9e royale huile d'olive lavande lavandin PACA produits de la r\u00e9gion Provence vacances en France mea provence mus\u00e9e de la lavande distillerie champs plateau de valensole beaut\u00e9 04","breadcrumb":{"@id":"https:\/\/lavande-valensole.com\/en\/produit\/savon-rectangle-miel\/#breadcrumb"},"inLanguage":"en-US","potentialAction":[{"@type":"ReadAction","target":["https:\/\/lavande-valensole.com\/en\/produit\/savon-rectangle-miel\/"]}]},{"@type":"ImageObject","inLanguage":"en-US","@id":"https:\/\/lavande-valensole.com\/en\/produit\/savon-rectangle-miel\/#primaryimage","url":"https:\/\/lavande-valensole.com\/wp-content\/uploads\/2021\/06\/savon-miel-scaled.jpg","contentUrl":"https:\/\/lavande-valensole.com\/wp-content\/uploads\/2021\/06\/savon-miel-scaled.jpg","width":1920,"height":2560},{"@type":"BreadcrumbList","@id":"https:\/\/lavande-valensole.com\/en\/produit\/savon-rectangle-miel\/#breadcrumb","itemListElement":[{"@type":"ListItem","position":1,"name":"Accueil","item":"https:\/\/lavande-valensole.com\/en\/"},{"@type":"ListItem","position":2,"name":"Boutique","item":"https:\/\/lavande-valensole.com\/boutique\/"},{"@type":"ListItem","position":3,"name":"Savon rectangle Miel 200g"}]},{"@type":"WebSite","@id":"https:\/\/lavande-valensole.com\/en\/#website","url":"https:\/\/lavande-valensole.com\/en\/","name":"MEA Provence Valensole - Expo lavande et son histoire","description":"Produits cosm\u00e9tiques et lavandes","publisher":{"@id":"https:\/\/lavande-valensole.com\/en\/#organization"},"potentialAction":[{"@type":"SearchAction","target":{"@type":"EntryPoint","urlTemplate":"https:\/\/lavande-valensole.com\/en\/?s={search_term_string}"},"query-input":{"@type":"PropertyValueSpecification","valueRequired":true,"valueName":"search_term_string"}}],"inLanguage":"en-US"},{"@type":"Organization","@id":"https:\/\/lavande-valensole.com\/en\/#organization","name":"MEA Provence Valensole","url":"https:\/\/lavande-valensole.com\/en\/","logo":{"@type":"ImageObject","inLanguage":"en-US","@id":"https:\/\/lavande-valensole.com\/en\/#\/schema\/logo\/image\/","url":"https:\/\/lavande-valensole.com\/wp-content\/uploads\/2025\/05\/Capture-decran_10-4-2025_133041_.jpeg","contentUrl":"https:\/\/lavande-valensole.com\/wp-content\/uploads\/2025\/05\/Capture-decran_10-4-2025_133041_.jpeg","width":423,"height":426,"caption":"MEA Provence Valensole"},"image":{"@id":"https:\/\/lavande-valensole.com\/en\/#\/schema\/logo\/image\/"},"sameAs":["https:\/\/www.facebook.com\/MeaProvence.valensole","https:\/\/www.instagram.com\/meaprovence","https:\/\/www.tiktok.com\/@meaprovence"]}]}},"_links":{"self":[{"href":"https:\/\/lavande-valensole.com\/en\/wp-json\/wp\/v2\/product\/3586","targetHints":{"allow":["GET"]}}],"collection":[{"href":"https:\/\/lavande-valensole.com\/en\/wp-json\/wp\/v2\/product"}],"about":[{"href":"https:\/\/lavande-valensole.com\/en\/wp-json\/wp\/v2\/types\/product"}],"wp:featuredmedia":[{"embeddable":true,"href":"https:\/\/lavande-valensole.com\/en\/wp-json\/wp\/v2\/media\/4642"}],"wp:attachment":[{"href":"https:\/\/lavande-valensole.com\/en\/wp-json\/wp\/v2\/media?parent=3586"}],"wp:term":[{"taxonomy":"product_brand","embeddable":true,"href":"https:\/\/lavande-valensole.com\/en\/wp-json\/wp\/v2\/product_brand?post=3586"},{"taxonomy":"product_cat","embeddable":true,"href":"https:\/\/lavande-valensole.com\/en\/wp-json\/wp\/v2\/product_cat?post=3586"},{"taxonomy":"product_tag","embeddable":true,"href":"https:\/\/lavande-valensole.com\/en\/wp-json\/wp\/v2\/product_tag?post=3586"}],"curies":[{"name":"wp","href":"https:\/\/api.w.org\/{rel}","templated":true}]}}