{"id":3186,"date":"2020-12-12T19:08:48","date_gmt":"2020-12-12T18:08:48","guid":{"rendered":"https:\/\/lavande-valensole.com\/?post_type=product&#038;p=3186"},"modified":"2025-05-06T14:15:42","modified_gmt":"2025-05-06T12:15:42","slug":"coffret-soin-lavande","status":"publish","type":"product","link":"https:\/\/lavande-valensole.com\/en\/produit\/coffret-soin-lavande\/","title":{"rendered":"Coffret soin Lavande"},"content":{"rendered":"<p>Le coffret\u00a0 soin Lavande comprend 3 produits de la gamme &#8220;Lavande&#8221;<\/p>\n<p>\u2022 Gel douche corps et cheveux lavande : 250 ml<br \/>\nA base d\u2019huile essentielle de lavande bio relaxante et apaisante. Convient \u00e0 tout type de peau et cheveux fragiles.<\/p>\n<p>\u2022 Cr\u00e8me main : 75 ml<br \/>\nGrace \u00e0 l\u2019association d\u2019actifs d\u2019origine naturelle : l\u2019huile d\u2019argan biologique nourrissante , l\u2019huile d\u2019olive bio assouplissant et le beurre de karit\u00e9 protecteur.<br \/>\nCette cr\u00e8me onctueuse et non collante, p\u00e9n\u00e8tre facilement, assurant un soin r\u00e9parateur.<\/p>\n<p>\u2022 Lait corps \u00e0 base d\u2019huile essentielle de lavande et d\u2019huile d\u2019argan bio : 250 ml<br \/>\nCe lait corporel hydrate et prot\u00e8ge votre peau contre les inconforts, la rendant plus douce et soyeuse avec un voile de parfum lavande.<\/p>\n<div class=\"et_pb_module et_pb_text et_pb_text_3_tb_body et_pb_text_align_left et_pb_bg_layout_light\">\n<div class=\"et_pb_text_inner\">\n<div class=\"woocommerce et-dynamic-content-woo et-dynamic-content-woo--product_short_description\">\n<p>Notre Coffret\u00a0 soin Lavande est le cadeau id\u00e9al pour offrir ou \u00e0 s&#8217;offrir \u00e0 St Valentin. Retrouvez <a href=\"\/product-category\/coffret-cadeaux\/\">tous nos coffrets cadeaux<\/a> dans diff\u00e9rentes gammes sur notre boutique. MEA Provence \u00e0 Valensole.<\/p>\n<\/div>\n<\/div>\n<\/div>\n","protected":false},"excerpt":{"rendered":"<p>Le coffret\u00a0 soin Lavande comprend 3 produits de la gamme &#8220;Lavande&#8221;<\/p>\n<p>\u2022 Gel douche corps et cheveux lavande : 250 ml<br \/>\n\u2022 Cr\u00e8me main : 75 ml<br \/>\n\u2022 Lait corps \u00e0 base d\u2019huile essentielle de lavande et d\u2019huile d\u2019argan bio : 250 ml<\/p>\n<div class=\"et_pb_module et_pb_text et_pb_text_3_tb_body et_pb_text_align_left et_pb_bg_layout_light\">\n<div class=\"et_pb_text_inner\">\n<div class=\"woocommerce et-dynamic-content-woo et-dynamic-content-woo--product_short_description\">\n<p>&nbsp;<\/p>\n<\/div>\n<\/div>\n<\/div>\n<p>&nbsp;<\/p>\n<p>&nbsp;<\/p>\n<p>&nbsp;<\/p>\n<p>&nbsp;<\/p>\n<p>&nbsp;<\/p>\n<p>&nbsp;<\/p>\n","protected":false},"featured_media":3301,"template":"","meta":{"_et_pb_use_builder":"","_et_pb_old_content":"","_et_gb_content_width":""},"product_brand":[170],"product_cat":[167,169],"product_tag":[],"class_list":{"0":"post-3186","1":"product","2":"type-product","3":"status-publish","4":"has-post-thumbnail","6":"product_brand-mea-provence","7":"product_cat-souvenirs","8":"product_cat-coffrets","10":"first","11":"instock","12":"taxable","13":"shipping-taxable","14":"purchasable","15":"product-type-simple"},"yoast_head":"<!-- This site is optimized with the Yoast SEO plugin v27.4 - https:\/\/yoast.com\/product\/yoast-seo-wordpress\/ -->\n<title>Coffret soin Lavande -MEA Provence Expo Lavande et son Histoire<\/title>\n<meta name=\"description\" content=\"Coffret soin Lavande. Le cadeau id\u00e9al pour offrir \u00e0 St. Valentin. Tous nos coffrets cadeaux sur notre boutique en ligne et physique MEA Provence \u00e0 Valensole\" \/>\n<meta name=\"robots\" content=\"index, follow, max-snippet:-1, max-image-preview:large, max-video-preview:-1\" \/>\n<link rel=\"canonical\" href=\"https:\/\/lavande-valensole.com\/en\/produit\/coffret-soin-lavande\/\" \/>\n<meta property=\"og:locale\" content=\"en_US\" \/>\n<meta property=\"og:type\" content=\"article\" \/>\n<meta property=\"og:title\" content=\"Coffret soin Lavande -MEA Provence Expo Lavande et son Histoire\" \/>\n<meta property=\"og:description\" content=\"Coffret soin Lavande. Le cadeau id\u00e9al pour offrir \u00e0 St. Valentin. Tous nos coffrets cadeaux sur notre boutique en ligne et physique MEA Provence \u00e0 Valensole\" \/>\n<meta property=\"og:url\" content=\"https:\/\/lavande-valensole.com\/en\/produit\/coffret-soin-lavande\/\" \/>\n<meta property=\"og:site_name\" content=\"MEA Provence Valensole - Expo lavande et son histoire\" \/>\n<meta property=\"article:publisher\" content=\"https:\/\/www.facebook.com\/MeaProvence.valensole\" \/>\n<meta property=\"article:modified_time\" content=\"2025-05-06T12:15:42+00:00\" \/>\n<meta property=\"og:image\" content=\"https:\/\/lavande-valensole.com\/wp-content\/uploads\/2020\/12\/lavande2.png\" \/>\n\t<meta property=\"og:image:width\" content=\"1587\" \/>\n\t<meta property=\"og:image:height\" content=\"1587\" \/>\n\t<meta property=\"og:image:type\" content=\"image\/png\" \/>\n<meta name=\"twitter:card\" content=\"summary_large_image\" \/>\n<meta name=\"twitter:label1\" content=\"Est. reading time\" \/>\n\t<meta name=\"twitter:data1\" content=\"1 minute\" \/>\n<script type=\"application\/ld+json\" class=\"yoast-schema-graph\">{\"@context\":\"https:\\\/\\\/schema.org\",\"@graph\":[{\"@type\":\"WebPage\",\"@id\":\"https:\\\/\\\/lavande-valensole.com\\\/en\\\/produit\\\/coffret-soin-lavande\\\/\",\"url\":\"https:\\\/\\\/lavande-valensole.com\\\/en\\\/produit\\\/coffret-soin-lavande\\\/\",\"name\":\"Coffret soin Lavande -MEA Provence Expo Lavande et son Histoire\",\"isPartOf\":{\"@id\":\"https:\\\/\\\/lavande-valensole.com\\\/en\\\/#website\"},\"primaryImageOfPage\":{\"@id\":\"https:\\\/\\\/lavande-valensole.com\\\/en\\\/produit\\\/coffret-soin-lavande\\\/#primaryimage\"},\"image\":{\"@id\":\"https:\\\/\\\/lavande-valensole.com\\\/en\\\/produit\\\/coffret-soin-lavande\\\/#primaryimage\"},\"thumbnailUrl\":\"https:\\\/\\\/lavande-valensole.com\\\/wp-content\\\/uploads\\\/2020\\\/12\\\/lavande2.png\",\"datePublished\":\"2020-12-12T18:08:48+00:00\",\"dateModified\":\"2025-05-06T12:15:42+00:00\",\"description\":\"Coffret soin Lavande. Le cadeau id\u00e9al pour offrir \u00e0 St. Valentin. Tous nos coffrets cadeaux sur notre boutique en ligne et physique MEA Provence \u00e0 Valensole\",\"breadcrumb\":{\"@id\":\"https:\\\/\\\/lavande-valensole.com\\\/en\\\/produit\\\/coffret-soin-lavande\\\/#breadcrumb\"},\"inLanguage\":\"en-US\",\"potentialAction\":[{\"@type\":\"ReadAction\",\"target\":[\"https:\\\/\\\/lavande-valensole.com\\\/en\\\/produit\\\/coffret-soin-lavande\\\/\"]}]},{\"@type\":\"ImageObject\",\"inLanguage\":\"en-US\",\"@id\":\"https:\\\/\\\/lavande-valensole.com\\\/en\\\/produit\\\/coffret-soin-lavande\\\/#primaryimage\",\"url\":\"https:\\\/\\\/lavande-valensole.com\\\/wp-content\\\/uploads\\\/2020\\\/12\\\/lavande2.png\",\"contentUrl\":\"https:\\\/\\\/lavande-valensole.com\\\/wp-content\\\/uploads\\\/2020\\\/12\\\/lavande2.png\",\"width\":1587,\"height\":1587,\"caption\":\"coffret soin lavande\"},{\"@type\":\"BreadcrumbList\",\"@id\":\"https:\\\/\\\/lavande-valensole.com\\\/en\\\/produit\\\/coffret-soin-lavande\\\/#breadcrumb\",\"itemListElement\":[{\"@type\":\"ListItem\",\"position\":1,\"name\":\"Accueil\",\"item\":\"https:\\\/\\\/lavande-valensole.com\\\/en\\\/\"},{\"@type\":\"ListItem\",\"position\":2,\"name\":\"Boutique\",\"item\":\"https:\\\/\\\/lavande-valensole.com\\\/boutique\\\/\"},{\"@type\":\"ListItem\",\"position\":3,\"name\":\"Coffret soin Lavande\"}]},{\"@type\":\"WebSite\",\"@id\":\"https:\\\/\\\/lavande-valensole.com\\\/en\\\/#website\",\"url\":\"https:\\\/\\\/lavande-valensole.com\\\/en\\\/\",\"name\":\"MEA Provence Valensole - Expo lavande et son histoire\",\"description\":\"Produits cosm\u00e9tiques et lavandes\",\"publisher\":{\"@id\":\"https:\\\/\\\/lavande-valensole.com\\\/en\\\/#organization\"},\"potentialAction\":[{\"@type\":\"SearchAction\",\"target\":{\"@type\":\"EntryPoint\",\"urlTemplate\":\"https:\\\/\\\/lavande-valensole.com\\\/en\\\/?s={search_term_string}\"},\"query-input\":{\"@type\":\"PropertyValueSpecification\",\"valueRequired\":true,\"valueName\":\"search_term_string\"}}],\"inLanguage\":\"en-US\"},{\"@type\":\"Organization\",\"@id\":\"https:\\\/\\\/lavande-valensole.com\\\/en\\\/#organization\",\"name\":\"MEA Provence Valensole\",\"url\":\"https:\\\/\\\/lavande-valensole.com\\\/en\\\/\",\"logo\":{\"@type\":\"ImageObject\",\"inLanguage\":\"en-US\",\"@id\":\"https:\\\/\\\/lavande-valensole.com\\\/en\\\/#\\\/schema\\\/logo\\\/image\\\/\",\"url\":\"https:\\\/\\\/lavande-valensole.com\\\/wp-content\\\/uploads\\\/2025\\\/05\\\/Capture-decran_10-4-2025_133041_.jpeg\",\"contentUrl\":\"https:\\\/\\\/lavande-valensole.com\\\/wp-content\\\/uploads\\\/2025\\\/05\\\/Capture-decran_10-4-2025_133041_.jpeg\",\"width\":423,\"height\":426,\"caption\":\"MEA Provence Valensole\"},\"image\":{\"@id\":\"https:\\\/\\\/lavande-valensole.com\\\/en\\\/#\\\/schema\\\/logo\\\/image\\\/\"},\"sameAs\":[\"https:\\\/\\\/www.facebook.com\\\/MeaProvence.valensole\",\"https:\\\/\\\/www.instagram.com\\\/meaprovence\",\"https:\\\/\\\/www.tiktok.com\\\/@meaprovence\"]}]}<\/script>\n<!-- \/ Yoast SEO plugin. -->","yoast_head_json":{"title":"Coffret soin Lavande -MEA Provence Expo Lavande et son Histoire","description":"Coffret soin Lavande. Le cadeau id\u00e9al pour offrir \u00e0 St. Valentin. Tous nos coffrets cadeaux sur notre boutique en ligne et physique MEA Provence \u00e0 Valensole","robots":{"index":"index","follow":"follow","max-snippet":"max-snippet:-1","max-image-preview":"max-image-preview:large","max-video-preview":"max-video-preview:-1"},"canonical":"https:\/\/lavande-valensole.com\/en\/produit\/coffret-soin-lavande\/","og_locale":"en_US","og_type":"article","og_title":"Coffret soin Lavande -MEA Provence Expo Lavande et son Histoire","og_description":"Coffret soin Lavande. Le cadeau id\u00e9al pour offrir \u00e0 St. Valentin. Tous nos coffrets cadeaux sur notre boutique en ligne et physique MEA Provence \u00e0 Valensole","og_url":"https:\/\/lavande-valensole.com\/en\/produit\/coffret-soin-lavande\/","og_site_name":"MEA Provence Valensole - Expo lavande et son histoire","article_publisher":"https:\/\/www.facebook.com\/MeaProvence.valensole","article_modified_time":"2025-05-06T12:15:42+00:00","og_image":[{"width":1587,"height":1587,"url":"https:\/\/lavande-valensole.com\/wp-content\/uploads\/2020\/12\/lavande2.png","type":"image\/png"}],"twitter_card":"summary_large_image","twitter_misc":{"Est. reading time":"1 minute"},"schema":{"@context":"https:\/\/schema.org","@graph":[{"@type":"WebPage","@id":"https:\/\/lavande-valensole.com\/en\/produit\/coffret-soin-lavande\/","url":"https:\/\/lavande-valensole.com\/en\/produit\/coffret-soin-lavande\/","name":"Coffret soin Lavande -MEA Provence Expo Lavande et son Histoire","isPartOf":{"@id":"https:\/\/lavande-valensole.com\/en\/#website"},"primaryImageOfPage":{"@id":"https:\/\/lavande-valensole.com\/en\/produit\/coffret-soin-lavande\/#primaryimage"},"image":{"@id":"https:\/\/lavande-valensole.com\/en\/produit\/coffret-soin-lavande\/#primaryimage"},"thumbnailUrl":"https:\/\/lavande-valensole.com\/wp-content\/uploads\/2020\/12\/lavande2.png","datePublished":"2020-12-12T18:08:48+00:00","dateModified":"2025-05-06T12:15:42+00:00","description":"Coffret soin Lavande. Le cadeau id\u00e9al pour offrir \u00e0 St. Valentin. Tous nos coffrets cadeaux sur notre boutique en ligne et physique MEA Provence \u00e0 Valensole","breadcrumb":{"@id":"https:\/\/lavande-valensole.com\/en\/produit\/coffret-soin-lavande\/#breadcrumb"},"inLanguage":"en-US","potentialAction":[{"@type":"ReadAction","target":["https:\/\/lavande-valensole.com\/en\/produit\/coffret-soin-lavande\/"]}]},{"@type":"ImageObject","inLanguage":"en-US","@id":"https:\/\/lavande-valensole.com\/en\/produit\/coffret-soin-lavande\/#primaryimage","url":"https:\/\/lavande-valensole.com\/wp-content\/uploads\/2020\/12\/lavande2.png","contentUrl":"https:\/\/lavande-valensole.com\/wp-content\/uploads\/2020\/12\/lavande2.png","width":1587,"height":1587,"caption":"coffret soin lavande"},{"@type":"BreadcrumbList","@id":"https:\/\/lavande-valensole.com\/en\/produit\/coffret-soin-lavande\/#breadcrumb","itemListElement":[{"@type":"ListItem","position":1,"name":"Accueil","item":"https:\/\/lavande-valensole.com\/en\/"},{"@type":"ListItem","position":2,"name":"Boutique","item":"https:\/\/lavande-valensole.com\/boutique\/"},{"@type":"ListItem","position":3,"name":"Coffret soin Lavande"}]},{"@type":"WebSite","@id":"https:\/\/lavande-valensole.com\/en\/#website","url":"https:\/\/lavande-valensole.com\/en\/","name":"MEA Provence Valensole - Expo lavande et son histoire","description":"Produits cosm\u00e9tiques et lavandes","publisher":{"@id":"https:\/\/lavande-valensole.com\/en\/#organization"},"potentialAction":[{"@type":"SearchAction","target":{"@type":"EntryPoint","urlTemplate":"https:\/\/lavande-valensole.com\/en\/?s={search_term_string}"},"query-input":{"@type":"PropertyValueSpecification","valueRequired":true,"valueName":"search_term_string"}}],"inLanguage":"en-US"},{"@type":"Organization","@id":"https:\/\/lavande-valensole.com\/en\/#organization","name":"MEA Provence Valensole","url":"https:\/\/lavande-valensole.com\/en\/","logo":{"@type":"ImageObject","inLanguage":"en-US","@id":"https:\/\/lavande-valensole.com\/en\/#\/schema\/logo\/image\/","url":"https:\/\/lavande-valensole.com\/wp-content\/uploads\/2025\/05\/Capture-decran_10-4-2025_133041_.jpeg","contentUrl":"https:\/\/lavande-valensole.com\/wp-content\/uploads\/2025\/05\/Capture-decran_10-4-2025_133041_.jpeg","width":423,"height":426,"caption":"MEA Provence Valensole"},"image":{"@id":"https:\/\/lavande-valensole.com\/en\/#\/schema\/logo\/image\/"},"sameAs":["https:\/\/www.facebook.com\/MeaProvence.valensole","https:\/\/www.instagram.com\/meaprovence","https:\/\/www.tiktok.com\/@meaprovence"]}]}},"_links":{"self":[{"href":"https:\/\/lavande-valensole.com\/en\/wp-json\/wp\/v2\/product\/3186","targetHints":{"allow":["GET"]}}],"collection":[{"href":"https:\/\/lavande-valensole.com\/en\/wp-json\/wp\/v2\/product"}],"about":[{"href":"https:\/\/lavande-valensole.com\/en\/wp-json\/wp\/v2\/types\/product"}],"wp:featuredmedia":[{"embeddable":true,"href":"https:\/\/lavande-valensole.com\/en\/wp-json\/wp\/v2\/media\/3301"}],"wp:attachment":[{"href":"https:\/\/lavande-valensole.com\/en\/wp-json\/wp\/v2\/media?parent=3186"}],"wp:term":[{"taxonomy":"product_brand","embeddable":true,"href":"https:\/\/lavande-valensole.com\/en\/wp-json\/wp\/v2\/product_brand?post=3186"},{"taxonomy":"product_cat","embeddable":true,"href":"https:\/\/lavande-valensole.com\/en\/wp-json\/wp\/v2\/product_cat?post=3186"},{"taxonomy":"product_tag","embeddable":true,"href":"https:\/\/lavande-valensole.com\/en\/wp-json\/wp\/v2\/product_tag?post=3186"}],"curies":[{"name":"wp","href":"https:\/\/api.w.org\/{rel}","templated":true}]}}