{"id":2542,"date":"2020-11-27T13:46:37","date_gmt":"2020-11-27T12:46:37","guid":{"rendered":"https:\/\/lavande-valensole.com\/expo\/"},"modified":"2020-12-14T11:31:38","modified_gmt":"2020-12-14T10:31:38","slug":"expo","status":"publish","type":"page","link":"https:\/\/lavande-valensole.com\/en\/expo\/","title":{"rendered":"Expo"},"content":{"rendered":"<p>[et_pb_section fb_built=&#8221;1&#8243; disabled_on=&#8221;on|on|off&#8221; admin_label=&#8221;Header&#8221; _builder_version=&#8221;4.6.6&#8243; background_color=&#8221;rgba(248,211,247,0.26)&#8221; custom_margin=&#8221;120px||||false|false&#8221; locked=&#8221;off&#8221;][et_pb_row column_structure=&#8221;3_5,2_5&#8243; _builder_version=&#8221;4.6.6&#8243; _module_preset=&#8221;default&#8221;][et_pb_column type=&#8221;3_5&#8243; _builder_version=&#8221;4.6.6&#8243; _module_preset=&#8221;default&#8221;][et_pb_text _builder_version=&#8221;4.5.1&#8243; header_font=&#8221;Cormorant Garamond|600|||||||&#8221; header_text_color=&#8221;#1f2a4b&#8221; header_font_size=&#8221;74px&#8221; header_2_font=&#8221;Montserrat|500||on|||||&#8221; header_2_text_color=&#8221;rgba(0,0,0,0.4)&#8221; header_2_font_size=&#8221;12px&#8221; header_2_letter_spacing=&#8221;1px&#8221; header_2_line_height=&#8221;1.8em&#8221; header_font_tablet=&#8221;&#8221; header_font_phone=&#8221;&#8221; header_font_last_edited=&#8221;on|desktop&#8221; header_font_size_tablet=&#8221;48px&#8221; header_font_size_phone=&#8221;28px&#8221; header_font_size_last_edited=&#8221;on|phone&#8221;]<\/p>\n<h2>mea provence<\/h2>\n<h1>Lavender Expo<br \/>&#038; his history<\/h1>\n<p>[\/et_pb_text][et_pb_image src=&#8221;https:\/\/lavande-valensole.com\/\/wp-content\/uploads\/2020\/11\/alambic-valensole.png&#8221; title_text=&#8221;alambic-valensole&#8221; _builder_version=&#8221;4.6.6&#8243; _module_preset=&#8221;default&#8221; border_radii=&#8221;on|10px|10px|10px|10px&#8221;][\/et_pb_image][et_pb_text _builder_version=&#8221;4.7.4&#8243; _module_preset=&#8221;default&#8221; header_2_font=&#8221;Cormorant Garamond||||||||&#8221; hover_enabled=&#8221;0&#8243; sticky_enabled=&#8221;0&#8243;]<\/p>\n<h2 style=\"text-align: justify;\">Expo Lavande et son histoire<\/h2>\n<p style=\"text-align: justify;\">A Valensole, capitale mondiale du lavandin, <a href=\"\/nous\" title=\"Qui sommes-nous ?\">nous<\/a> vous accueillons dans un parc de deux hectares, entre jardin aromatique et champs de lavande, au pied du village, sur le plus grand plateau d\u2019Europe, au coeur du Parc du Verdon !<\/p>\n<p style=\"text-align: justify;\">Famille et Groupe<\/p>\n<h2 style=\"text-align: justify;\">Visite gratuite et ludique<\/h2>\n<p style=\"text-align: justify;\">Revivez l\u2019histoire de la lavande, son origine, sa culture, les m\u00e9thodes d\u2019extraction des huiles essentielles. D\u00e9couvrez son vieil alambic, sa machinerie et les outils li\u00e9s \u00e0 la r\u00e9colte de la lavande.<br \/> Panneaux d\u00e9taill\u00e9s, espace vid\u00e9o, partez \u00e0 la d\u00e9couverte des senteurs de Provence en cheminant entre jardin aromatique et champs de lavande et apprenez tout sur cette plante magique.<\/p>\n<h2 style=\"text-align: justify;\">Accueil \u2022 Repas \u2022 Visite guid\u00e9e \u2022 Excursions \u2022 Restauration sur place<\/h2>\n<p style=\"text-align: justify;\">Accueil autocar, associations et scolaires. <a href=\"\/evenements\" title=\"\u00e9v\u00e8nements autour de la lavande\">Possibilit\u00e9 de restauration sur place \u00e0 Valensole<\/a>.<\/p>\n<p style=\"text-align: justify;\">\u2013 Visite comment\u00e9e de l\u2019exposition sur la lavande et le miel.<br \/> \u2013 Le plateau de Valensole, son histoire, ses plantations et ses anecdotes.<br \/> \u2013 Formule repas servie entre jardin aromatique et champ de lavande.<br \/> \u2013 Visite des Gorges du Verdon, village de Moustiers-Sainte-Marie, Lac de Sainte-Croix \u2026<\/p>\n<p>[\/et_pb_text][et_pb_button button_text=&#8221;store on line&#8221; _builder_version=&#8221;4.7.4&#8243; _module_preset=&#8221;default&#8221; button_url=&#8221;store&#8221; hover_enabled=&#8221;0&#8243; sticky_enabled=&#8221;0&#8243;][\/et_pb_button][\/et_pb_column][et_pb_column type=&#8221;2_5&#8243; _builder_version=&#8221;4.6.6&#8243; _module_preset=&#8221;default&#8221;][et_pb_sidebar orientation=&#8221;right&#8221; _builder_version=&#8221;4.6.6&#8243; _module_preset=&#8221;default&#8221; header_font=&#8221;Cormorant Garamond|600|||||||&#8221; header_font_size=&#8221;24px&#8221; body_font=&#8221;Raleway||||||||&#8221; custom_margin=&#8221;|||100px|false|false&#8221; custom_padding=&#8221;100px||||false|false&#8221;][\/et_pb_sidebar][\/et_pb_column][\/et_pb_row][et_pb_row _builder_version=&#8221;4.6.6&#8243; _module_preset=&#8221;default&#8221;][et_pb_column type=&#8221;4_4&#8243; _builder_version=&#8221;4.6.6&#8243; _module_preset=&#8221;default&#8221;][et_pb_text _builder_version=&#8221;4.6.6&#8243; _module_preset=&#8221;default&#8221; header_2_font=&#8221;Cormorant Garamond||||||||&#8221; custom_margin=&#8221;0px||0px||true|false&#8221; custom_padding=&#8221;0px||0px||true|false&#8221;]<\/p>\n<h2>Harvesting and distillation of lavender in Valensole<\/h2>\n<p>[\/et_pb_text][et_pb_gallery gallery_ids=&#8221;1172,1173,1174,1175&#8243; orientation=&#8221;portrait&#8221; show_title_and_caption=&#8221;off&#8221; show_pagination=&#8221;off&#8221; zoom_icon_color=&#8221;#e09900&#8243; _builder_version=&#8221;4.6.6&#8243; _module_preset=&#8221;default&#8221; background_color=&#8221;rgba(0,0,0,0)&#8221; custom_padding=&#8221;||||true|true&#8221; border_radii_image=&#8221;on|10px|10px|10px|10px&#8221; border_width_all_image=&#8221;1px&#8221; border_color_all_image=&#8221;#000000&#8243;][\/et_pb_gallery][\/et_pb_column][\/et_pb_row][\/et_pb_section][et_pb_section fb_built=&#8221;1&#8243; disabled_on=&#8221;off|off|on&#8221; admin_label=&#8221;Header&#8221; _builder_version=&#8221;4.6.6&#8243; background_color=&#8221;rgba(248,211,247,0.26)&#8221; custom_margin=&#8221;120px||||false|false&#8221; locked=&#8221;off&#8221;][et_pb_row _builder_version=&#8221;4.6.6&#8243; _module_preset=&#8221;default&#8221;][et_pb_column type=&#8221;4_4&#8243; _builder_version=&#8221;4.6.6&#8243; _module_preset=&#8221;default&#8221;][et_pb_text _builder_version=&#8221;4.5.1&#8243; header_font=&#8221;Cormorant Garamond|600|||||||&#8221; header_text_color=&#8221;#1f2a4b&#8221; header_font_size=&#8221;74px&#8221; header_2_font=&#8221;Montserrat|500||on|||||&#8221; header_2_text_color=&#8221;rgba(0,0,0,0.4)&#8221; header_2_font_size=&#8221;12px&#8221; header_2_letter_spacing=&#8221;1px&#8221; header_2_line_height=&#8221;1.8em&#8221; header_font_tablet=&#8221;&#8221; header_font_phone=&#8221;&#8221; header_font_last_edited=&#8221;on|desktop&#8221; header_font_size_tablet=&#8221;48px&#8221; header_font_size_phone=&#8221;28px&#8221; header_font_size_last_edited=&#8221;on|phone&#8221;]<\/p>\n<h2>mea provence<\/h2>\n<h1>Lavender Expo<br \/>&#038; his history<\/h1>\n<p>[\/et_pb_text][et_pb_image src=&#8221;https:\/\/lavande-valensole.com\/\/wp-content\/uploads\/2020\/11\/alambic-valensole.png&#8221; title_text=&#8221;alambic-valensole&#8221; _builder_version=&#8221;4.6.6&#8243; _module_preset=&#8221;default&#8221; border_radii=&#8221;on|10px|10px|10px|10px&#8221;][\/et_pb_image][et_pb_text _builder_version=&#8221;4.6.6&#8243; _module_preset=&#8221;default&#8221; header_2_font=&#8221;Cormorant Garamond||||||||&#8221;]<\/p>\n<h2 style=\"text-align: justify;\">Lavender Expo and his history<\/h2>\n<p style=\"text-align: justify;\">In Valensole, lavandin capital of the world, we welcome you to a two-hectare park, between an aromatic garden and lavender fields, at the foot of the village, on the largest plateau in Europe, in the heart of the Parc du Verdon!<\/p>\n<p style=\"text-align: justify;\">Family and Group<\/p>\n<h2 style=\"text-align: justify;\">Free and fun visit<\/h2>\n<p style=\"text-align: justify;\">Relive the history of lavender, its origin, its cultivation, the methods of extracting essential oils. Discover its old still, its machinery and the tools related to the lavender harvest.<br \/>Detailed panels, video space, discover the scents of Provence by walking between aromatic garden and lavender fields and learn all about this magical plant.<\/p>\n<h2 style=\"text-align: justify;\">Reception \u2022 Meal \u2022 Guided tour \u2022 Excursions \u2022 Catering on site<\/h2>\n<p style=\"text-align: justify;\">Coach reception, associations and schools welcome. Possibility of on-site catering in Valensole.<\/p>\n<p style=\"text-align: justify;\">\u2013 Guided tour of the exhibition on lavender and honey.<br \/>\u2013 The Valensole plateau, its history, its plantations and its anecdotes.<br \/>\u2013 Meal formula served between aromatic garden and lavender field.<br \/>\u2013 Visit of the Gorges du Verdon, village of Moustiers-Sainte-Marie, Lake of Sainte-Croix &#8230;<\/p>\n<p>[\/et_pb_text][et_pb_button button_text=&#8221;store on line&#8221; _builder_version=&#8221;4.7.4&#8243; _module_preset=&#8221;default&#8221; button_url=&#8221;store&#8221; hover_enabled=&#8221;0&#8243; sticky_enabled=&#8221;0&#8243;][\/et_pb_button][\/et_pb_column][\/et_pb_row][et_pb_row _builder_version=&#8221;4.6.6&#8243; _module_preset=&#8221;default&#8221;][et_pb_column type=&#8221;4_4&#8243; _builder_version=&#8221;4.6.6&#8243; _module_preset=&#8221;default&#8221;][et_pb_video src=&#8221;https:\/\/youtu.be\/8ZXz7ofYeVA&#8221; _builder_version=&#8221;4.7.4&#8243; _module_preset=&#8221;default&#8221;][\/et_pb_video][et_pb_text _builder_version=&#8221;4.6.6&#8243; _module_preset=&#8221;default&#8221; header_2_font=&#8221;Cormorant Garamond||||||||&#8221; custom_margin=&#8221;0px||0px||true|false&#8221; custom_padding=&#8221;0px||0px||true|false&#8221;]<\/p>\n<h2>Harvesting and distillation of lavender in Valensole<\/h2>\n<p>[\/et_pb_text][et_pb_gallery gallery_ids=&#8221;1172,1173,1174,1175&#8243; fullwidth=&#8221;on&#8221; _builder_version=&#8221;4.7.3&#8243; _module_preset=&#8221;default&#8221; background_color=&#8221;rgba(0,0,0,0)&#8221; custom_padding=&#8221;||||true|true&#8221; border_width_all_image=&#8221;1px&#8221; border_color_all_image=&#8221;#000000&#8243;][\/et_pb_gallery][\/et_pb_column][\/et_pb_row][et_pb_row _builder_version=&#8221;4.6.6&#8243; _module_preset=&#8221;default&#8221; background_color=&#8221;#d6d6d6&#8243; custom_padding=&#8221;40px|40px|40px|40px|true|true&#8221; global_module=&#8221;1499&#8243;][et_pb_column type=&#8221;4_4&#8243; _builder_version=&#8221;4.6.6&#8243; _module_preset=&#8221;default&#8221;][et_pb_sidebar _builder_version=&#8221;4.6.6&#8243; _module_preset=&#8221;default&#8221; header_font=&#8221;Cormorant Garamond||||||||&#8221; header_font_size=&#8221;30px&#8221; body_font=&#8221;Raleway||||||||&#8221; text_orientation=&#8221;center&#8221;][\/et_pb_sidebar][\/et_pb_column][\/et_pb_row][\/et_pb_section]<\/p>\n","protected":false},"excerpt":{"rendered":"<p>mea provence Lavender Expo&#038; his historyExpo Lavande et son histoire A Valensole, capitale mondiale du lavandin, nous vous accueillons dans un parc de deux hectares, entre jardin aromatique et champs de lavande, au pied du village, sur le plus grand plateau d\u2019Europe, au coeur du Parc du Verdon ! Famille et Groupe Visite gratuite et [&hellip;]<\/p>\n","protected":false},"author":2,"featured_media":0,"parent":0,"menu_order":0,"comment_status":"closed","ping_status":"closed","template":"","meta":{"_et_pb_use_builder":"on","_et_pb_old_content":"","_et_gb_content_width":"","footnotes":""},"class_list":["post-2542","page","type-page","status-publish","hentry"],"yoast_head":"<!-- This site is optimized with the Yoast SEO plugin v27.3 - https:\/\/yoast.com\/product\/yoast-seo-wordpress\/ -->\n<title>Expo - MEA Provence Valensole - Expo lavande et son histoire<\/title>\n<meta name=\"robots\" content=\"index, follow, max-snippet:-1, max-image-preview:large, max-video-preview:-1\" \/>\n<link rel=\"canonical\" href=\"https:\/\/lavande-valensole.com\/en\/expo\/\" \/>\n<meta property=\"og:locale\" content=\"en_US\" \/>\n<meta property=\"og:type\" content=\"article\" \/>\n<meta property=\"og:title\" content=\"Expo - MEA Provence Valensole - Expo lavande et son histoire\" \/>\n<meta property=\"og:description\" content=\"mea provence Lavender Expo&amp; his historyExpo Lavande et son histoire A Valensole, capitale mondiale du lavandin, nous vous accueillons dans un parc de deux hectares, entre jardin aromatique et champs de lavande, au pied du village, sur le plus grand plateau d\u2019Europe, au coeur du Parc du Verdon ! Famille et Groupe Visite gratuite et [&hellip;]\" \/>\n<meta property=\"og:url\" content=\"https:\/\/lavande-valensole.com\/en\/expo\/\" \/>\n<meta property=\"og:site_name\" content=\"MEA Provence Valensole - Expo lavande et son histoire\" \/>\n<meta property=\"article:publisher\" content=\"https:\/\/www.facebook.com\/MeaProvence.valensole\" \/>\n<meta property=\"article:modified_time\" content=\"2020-12-14T10:31:38+00:00\" \/>\n<meta name=\"twitter:card\" content=\"summary_large_image\" \/>\n<meta name=\"twitter:label1\" content=\"Est. reading time\" \/>\n\t<meta name=\"twitter:data1\" content=\"5 minutes\" \/>\n<script type=\"application\/ld+json\" class=\"yoast-schema-graph\">{\"@context\":\"https:\\\/\\\/schema.org\",\"@graph\":[{\"@type\":\"WebPage\",\"@id\":\"https:\\\/\\\/lavande-valensole.com\\\/en\\\/expo\\\/\",\"url\":\"https:\\\/\\\/lavande-valensole.com\\\/en\\\/expo\\\/\",\"name\":\"Expo - MEA Provence Valensole - Expo lavande et son histoire\",\"isPartOf\":{\"@id\":\"https:\\\/\\\/lavande-valensole.com\\\/en\\\/#website\"},\"datePublished\":\"2020-11-27T12:46:37+00:00\",\"dateModified\":\"2020-12-14T10:31:38+00:00\",\"breadcrumb\":{\"@id\":\"https:\\\/\\\/lavande-valensole.com\\\/en\\\/expo\\\/#breadcrumb\"},\"inLanguage\":\"en-US\",\"potentialAction\":[{\"@type\":\"ReadAction\",\"target\":[\"https:\\\/\\\/lavande-valensole.com\\\/en\\\/expo\\\/\"]}]},{\"@type\":\"BreadcrumbList\",\"@id\":\"https:\\\/\\\/lavande-valensole.com\\\/en\\\/expo\\\/#breadcrumb\",\"itemListElement\":[{\"@type\":\"ListItem\",\"position\":1,\"name\":\"Accueil\",\"item\":\"https:\\\/\\\/lavande-valensole.com\\\/en\\\/\"},{\"@type\":\"ListItem\",\"position\":2,\"name\":\"Expo\"}]},{\"@type\":\"WebSite\",\"@id\":\"https:\\\/\\\/lavande-valensole.com\\\/en\\\/#website\",\"url\":\"https:\\\/\\\/lavande-valensole.com\\\/en\\\/\",\"name\":\"MEA Provence Valensole - Expo lavande et son histoire\",\"description\":\"Produits cosm\u00e9tiques et lavandes\",\"publisher\":{\"@id\":\"https:\\\/\\\/lavande-valensole.com\\\/en\\\/#organization\"},\"potentialAction\":[{\"@type\":\"SearchAction\",\"target\":{\"@type\":\"EntryPoint\",\"urlTemplate\":\"https:\\\/\\\/lavande-valensole.com\\\/en\\\/?s={search_term_string}\"},\"query-input\":{\"@type\":\"PropertyValueSpecification\",\"valueRequired\":true,\"valueName\":\"search_term_string\"}}],\"inLanguage\":\"en-US\"},{\"@type\":\"Organization\",\"@id\":\"https:\\\/\\\/lavande-valensole.com\\\/en\\\/#organization\",\"name\":\"MEA Provence Valensole\",\"url\":\"https:\\\/\\\/lavande-valensole.com\\\/en\\\/\",\"logo\":{\"@type\":\"ImageObject\",\"inLanguage\":\"en-US\",\"@id\":\"https:\\\/\\\/lavande-valensole.com\\\/en\\\/#\\\/schema\\\/logo\\\/image\\\/\",\"url\":\"https:\\\/\\\/lavande-valensole.com\\\/wp-content\\\/uploads\\\/2025\\\/05\\\/Capture-decran_10-4-2025_133041_.jpeg\",\"contentUrl\":\"https:\\\/\\\/lavande-valensole.com\\\/wp-content\\\/uploads\\\/2025\\\/05\\\/Capture-decran_10-4-2025_133041_.jpeg\",\"width\":423,\"height\":426,\"caption\":\"MEA Provence Valensole\"},\"image\":{\"@id\":\"https:\\\/\\\/lavande-valensole.com\\\/en\\\/#\\\/schema\\\/logo\\\/image\\\/\"},\"sameAs\":[\"https:\\\/\\\/www.facebook.com\\\/MeaProvence.valensole\",\"https:\\\/\\\/www.instagram.com\\\/meaprovence\",\"https:\\\/\\\/www.tiktok.com\\\/@meaprovence\"]}]}<\/script>\n<!-- \/ Yoast SEO plugin. -->","yoast_head_json":{"title":"Expo - MEA Provence Valensole - Expo lavande et son histoire","robots":{"index":"index","follow":"follow","max-snippet":"max-snippet:-1","max-image-preview":"max-image-preview:large","max-video-preview":"max-video-preview:-1"},"canonical":"https:\/\/lavande-valensole.com\/en\/expo\/","og_locale":"en_US","og_type":"article","og_title":"Expo - MEA Provence Valensole - Expo lavande et son histoire","og_description":"mea provence Lavender Expo& his historyExpo Lavande et son histoire A Valensole, capitale mondiale du lavandin, nous vous accueillons dans un parc de deux hectares, entre jardin aromatique et champs de lavande, au pied du village, sur le plus grand plateau d\u2019Europe, au coeur du Parc du Verdon ! Famille et Groupe Visite gratuite et [&hellip;]","og_url":"https:\/\/lavande-valensole.com\/en\/expo\/","og_site_name":"MEA Provence Valensole - Expo lavande et son histoire","article_publisher":"https:\/\/www.facebook.com\/MeaProvence.valensole","article_modified_time":"2020-12-14T10:31:38+00:00","twitter_card":"summary_large_image","twitter_misc":{"Est. reading time":"5 minutes"},"schema":{"@context":"https:\/\/schema.org","@graph":[{"@type":"WebPage","@id":"https:\/\/lavande-valensole.com\/en\/expo\/","url":"https:\/\/lavande-valensole.com\/en\/expo\/","name":"Expo - MEA Provence Valensole - Expo lavande et son histoire","isPartOf":{"@id":"https:\/\/lavande-valensole.com\/en\/#website"},"datePublished":"2020-11-27T12:46:37+00:00","dateModified":"2020-12-14T10:31:38+00:00","breadcrumb":{"@id":"https:\/\/lavande-valensole.com\/en\/expo\/#breadcrumb"},"inLanguage":"en-US","potentialAction":[{"@type":"ReadAction","target":["https:\/\/lavande-valensole.com\/en\/expo\/"]}]},{"@type":"BreadcrumbList","@id":"https:\/\/lavande-valensole.com\/en\/expo\/#breadcrumb","itemListElement":[{"@type":"ListItem","position":1,"name":"Accueil","item":"https:\/\/lavande-valensole.com\/en\/"},{"@type":"ListItem","position":2,"name":"Expo"}]},{"@type":"WebSite","@id":"https:\/\/lavande-valensole.com\/en\/#website","url":"https:\/\/lavande-valensole.com\/en\/","name":"MEA Provence Valensole - Expo lavande et son histoire","description":"Produits cosm\u00e9tiques et lavandes","publisher":{"@id":"https:\/\/lavande-valensole.com\/en\/#organization"},"potentialAction":[{"@type":"SearchAction","target":{"@type":"EntryPoint","urlTemplate":"https:\/\/lavande-valensole.com\/en\/?s={search_term_string}"},"query-input":{"@type":"PropertyValueSpecification","valueRequired":true,"valueName":"search_term_string"}}],"inLanguage":"en-US"},{"@type":"Organization","@id":"https:\/\/lavande-valensole.com\/en\/#organization","name":"MEA Provence Valensole","url":"https:\/\/lavande-valensole.com\/en\/","logo":{"@type":"ImageObject","inLanguage":"en-US","@id":"https:\/\/lavande-valensole.com\/en\/#\/schema\/logo\/image\/","url":"https:\/\/lavande-valensole.com\/wp-content\/uploads\/2025\/05\/Capture-decran_10-4-2025_133041_.jpeg","contentUrl":"https:\/\/lavande-valensole.com\/wp-content\/uploads\/2025\/05\/Capture-decran_10-4-2025_133041_.jpeg","width":423,"height":426,"caption":"MEA Provence Valensole"},"image":{"@id":"https:\/\/lavande-valensole.com\/en\/#\/schema\/logo\/image\/"},"sameAs":["https:\/\/www.facebook.com\/MeaProvence.valensole","https:\/\/www.instagram.com\/meaprovence","https:\/\/www.tiktok.com\/@meaprovence"]}]}},"_links":{"self":[{"href":"https:\/\/lavande-valensole.com\/en\/wp-json\/wp\/v2\/pages\/2542","targetHints":{"allow":["GET"]}}],"collection":[{"href":"https:\/\/lavande-valensole.com\/en\/wp-json\/wp\/v2\/pages"}],"about":[{"href":"https:\/\/lavande-valensole.com\/en\/wp-json\/wp\/v2\/types\/page"}],"author":[{"embeddable":true,"href":"https:\/\/lavande-valensole.com\/en\/wp-json\/wp\/v2\/users\/2"}],"replies":[{"embeddable":true,"href":"https:\/\/lavande-valensole.com\/en\/wp-json\/wp\/v2\/comments?post=2542"}],"version-history":[{"count":7,"href":"https:\/\/lavande-valensole.com\/en\/wp-json\/wp\/v2\/pages\/2542\/revisions"}],"predecessor-version":[{"id":3252,"href":"https:\/\/lavande-valensole.com\/en\/wp-json\/wp\/v2\/pages\/2542\/revisions\/3252"}],"wp:attachment":[{"href":"https:\/\/lavande-valensole.com\/en\/wp-json\/wp\/v2\/media?parent=2542"}],"curies":[{"name":"wp","href":"https:\/\/api.w.org\/{rel}","templated":true}]}}